{"id":4904,"date":"2026-01-29T08:22:15","date_gmt":"2026-01-29T08:22:15","guid":{"rendered":"https:\/\/doctor-pc.ro\/?page_id=4904"},"modified":"2026-01-29T08:36:46","modified_gmt":"2026-01-29T08:36:46","slug":"solutii-cloud","status":"publish","type":"page","link":"https:\/\/doctor-pc.ro\/ro_ro\/solutii-cloud\/","title":{"rendered":"Solu\u021bii Cloud"},"content":{"rendered":"<div class=\"vc_row wpb_row vc_row-fluid\"><div class=\"wpb_column vc_column_container vc_col-sm-6 vc_col-has-fill\"><div class=\"vc_column-inner vc_custom_1769675522044\"><div class=\"wpb_wrapper\">\n\t<div  class=\"wpb_single_image wpb_content_element vc_align_left\">\n\t\t\n\t\t<figure class=\"wpb_wrapper vc_figure\">\n\t\t\t<div class=\"vc_single_image-wrapper   vc_box_border_grey\"><img loading=\"lazy\" decoding=\"async\" width=\"800\" height=\"1000\" src=\"https:\/\/doctor-pc.ro\/wp-content\/uploads\/2026\/01\/cloud-1.png\" class=\"vc_single_image-img attachment-full\" alt=\"\" title=\"cloud 1\" srcset=\"https:\/\/doctor-pc.ro\/wp-content\/uploads\/2026\/01\/cloud-1.png 800w, https:\/\/doctor-pc.ro\/wp-content\/uploads\/2026\/01\/cloud-1-240x300.png 240w, https:\/\/doctor-pc.ro\/wp-content\/uploads\/2026\/01\/cloud-1-768x960.png 768w, https:\/\/doctor-pc.ro\/wp-content\/uploads\/2026\/01\/cloud-1-10x12.png 10w\" sizes=\"(max-width: 800px) 100vw, 800px\"  data-dt-location=\"https:\/\/doctor-pc.ro\/ro_ro\/solutii-cloud\/cloud-1\/\" \/><\/div>\n\t\t<\/figure>\n\t<\/div>\n<\/div><\/div><\/div><div class=\"wpb_column vc_column_container vc_col-sm-6\"><div class=\"vc_column-inner\"><div class=\"wpb_wrapper\">\n\t<div class=\"wpb_text_column wpb_content_element\" >\n\t\t<div class=\"wpb_wrapper\">\n\t\t\t<h2>Solu\u021bii Cloud<\/h2>\n<p>La <strong data-start=\"273\" data-end=\"286\">Doctor PC<\/strong>, oferim <strong data-start=\"295\" data-end=\"321\">solu\u021bii Cloud complete<\/strong>, concepute pentru a sus\u021bine performan\u021ba \u0219i securitatea firmei tale. Serviciile noastre sunt <strong data-start=\"414\" data-end=\"431\">personalizate<\/strong>, adaptate nevoilor fiec\u0103rei afaceri, indiferent de dimensiune.<\/p>\n<h4 data-start=\"498\" data-end=\"534\">Microsoft 365 pentru business<\/h4>\n<p data-start=\"535\" data-end=\"751\">Accesibil de pe <strong data-start=\"551\" data-end=\"592\">orice dispozitiv \u0219i din orice loca\u021bie<\/strong>, Microsoft 365 optimizeaz\u0103 activit\u0103\u021bile zilnice \u0219i faciliteaz\u0103 colaborarea echipei tale. Automatiz\u0103m procesele pentru a cre\u0219te eficien\u021ba \u0219i productivitatea.<\/p>\n<h4 data-start=\"753\" data-end=\"799\">Migrarea email-urilor \u0219i suport dedicat<\/h4>\n<p data-start=\"800\" data-end=\"988\">Asigur\u0103m <strong data-start=\"809\" data-end=\"843\">migrarea sigur\u0103 a email-urilor<\/strong> de pe orice platform\u0103 \u0219i oferim <strong data-start=\"876\" data-end=\"906\">suport tehnic profesionist<\/strong>, pentru ca tu s\u0103 te concentrezi pe dezvoltarea afacerii tale, f\u0103r\u0103 \u00eentreruperi.<\/p>\n<h4 data-start=\"990\" data-end=\"1039\">Infrastructur\u0103 IT \u0219i transformare digital\u0103<\/h4>\n<p data-start=\"1040\" data-end=\"1211\">Adapt\u0103m infrastructura IT pentru a valorifica la maximum datele firmei tale. Solu\u021biile noastre reduc costurile, cresc siguran\u021ba \u0219i accelereaz\u0103 <strong data-start=\"1183\" data-end=\"1208\">modernizarea afacerii<\/strong>.<\/p>\n<h4 data-start=\"1213\" data-end=\"1256\">Cloud computing flexibil \u0219i scalabil<\/h4>\n<p data-start=\"1257\" data-end=\"1463\">Solu\u021biile noastre Cloud sunt g\u00e2ndite s\u0103 <strong data-start=\"1297\" data-end=\"1329\">creasc\u0103 odat\u0103 cu afacerea ta<\/strong>, oferind flexibilitatea \u0219i securitatea necesare pentru a sus\u021bine dezvoltarea continu\u0103 \u0219i adaptarea rapid\u0103 la schimb\u0103rile din pia\u021b\u0103.<\/p>\n\n\t\t<\/div>\n\t<\/div>\n<\/div><\/div><\/div><\/div>","protected":false},"excerpt":{"rendered":"<p>Solu\u021bii Cloud La Doctor PC, oferim solu\u021bii Cloud complete, concepute pentru a sus\u021bine performan\u021ba \u0219i securitatea firmei tale. Serviciile noastre sunt personalizate, adaptate nevoilor fiec\u0103rei afaceri, indiferent de dimensiune. Microsoft 365 pentru business Accesibil de pe orice dispozitiv \u0219i din orice loca\u021bie, Microsoft 365 optimizeaz\u0103 activit\u0103\u021bile zilnice \u0219i faciliteaz\u0103 colaborarea echipei tale. Automatiz\u0103m procesele pentru&hellip;<\/p>","protected":false},"author":1,"featured_media":0,"parent":0,"menu_order":0,"comment_status":"closed","ping_status":"closed","template":"","meta":{"footnotes":""},"_links":{"self":[{"href":"https:\/\/doctor-pc.ro\/ro_ro\/wp-json\/wp\/v2\/pages\/4904"}],"collection":[{"href":"https:\/\/doctor-pc.ro\/ro_ro\/wp-json\/wp\/v2\/pages"}],"about":[{"href":"https:\/\/doctor-pc.ro\/ro_ro\/wp-json\/wp\/v2\/types\/page"}],"author":[{"embeddable":true,"href":"https:\/\/doctor-pc.ro\/ro_ro\/wp-json\/wp\/v2\/users\/1"}],"replies":[{"embeddable":true,"href":"https:\/\/doctor-pc.ro\/ro_ro\/wp-json\/wp\/v2\/comments?post=4904"}],"version-history":[{"count":2,"href":"https:\/\/doctor-pc.ro\/ro_ro\/wp-json\/wp\/v2\/pages\/4904\/revisions"}],"predecessor-version":[{"id":4908,"href":"https:\/\/doctor-pc.ro\/ro_ro\/wp-json\/wp\/v2\/pages\/4904\/revisions\/4908"}],"wp:attachment":[{"href":"https:\/\/doctor-pc.ro\/ro_ro\/wp-json\/wp\/v2\/media?parent=4904"}],"curies":[{"name":"wp","href":"https:\/\/api.w.org\/{rel}","templated":true}]}}