{"id":4868,"date":"2026-01-28T10:54:35","date_gmt":"2026-01-28T10:54:35","guid":{"rendered":"https:\/\/doctor-pc.ro\/?page_id=4868"},"modified":"2026-01-28T12:04:42","modified_gmt":"2026-01-28T12:04:42","slug":"licente-software","status":"publish","type":"page","link":"https:\/\/doctor-pc.ro\/ro_ro\/licente-software\/","title":{"rendered":"LICENTE SOFTWARE"},"content":{"rendered":"<div class=\"vc_row wpb_row vc_row-fluid\"><div class=\"wpb_column vc_column_container vc_col-sm-6\"><div class=\"vc_column-inner\"><div class=\"wpb_wrapper\">\n\t<div  class=\"wpb_single_image wpb_content_element vc_align_left\">\n\t\t\n\t\t<figure class=\"wpb_wrapper vc_figure\">\n\t\t\t<div class=\"vc_single_image-wrapper   vc_box_border_grey\"><img loading=\"lazy\" decoding=\"async\" width=\"1000\" height=\"500\" src=\"https:\/\/doctor-pc.ro\/wp-content\/uploads\/2026\/01\/licente.png\" class=\"vc_single_image-img attachment-full\" alt=\"\" title=\"licente\" srcset=\"https:\/\/doctor-pc.ro\/wp-content\/uploads\/2026\/01\/licente.png 1000w, https:\/\/doctor-pc.ro\/wp-content\/uploads\/2026\/01\/licente-300x150.png 300w, https:\/\/doctor-pc.ro\/wp-content\/uploads\/2026\/01\/licente-768x384.png 768w, https:\/\/doctor-pc.ro\/wp-content\/uploads\/2026\/01\/licente-18x9.png 18w\" sizes=\"(max-width: 1000px) 100vw, 1000px\"  data-dt-location=\"https:\/\/doctor-pc.ro\/ro_ro\/licente-software\/licente\/\" \/><\/div>\n\t\t<\/figure>\n\t<\/div>\n<\/div><\/div><\/div><div class=\"wpb_column vc_column_container vc_col-sm-6\"><div class=\"vc_column-inner\"><div class=\"wpb_wrapper\">\n\t<div class=\"wpb_text_column wpb_content_element\" >\n\t\t<div class=\"wpb_wrapper\">\n\t\t\t<h2>Solu\u021bii software pentru fiecare necesitate<\/h2>\n<p>De la <strong>sisteme de operare<\/strong> \u0219i programe antivirus, p\u00e2n\u0103 la aplica\u021bii de <strong>design grafic<\/strong> sau de <strong>proiectare tehnic\u0103<\/strong>, Doctor PC ofer\u0103 o gam\u0103 complet\u0103 de software profesional. \u00cen plus, oferim consultan\u021b\u0103 pentru achizi\u021bii, bazat\u0103 pe compatibilitatea cu echipamentele existente, precum \u0219i servicii de instalare \u0219i \u00eentre\u021binere, disponibile la cerere.<\/p>\n\n\t\t<\/div>\n\t<\/div>\n<\/div><\/div><\/div><\/div><div class=\"vc_row wpb_row vc_row-fluid\"><div class=\"wpb_column vc_column_container vc_col-sm-12\"><div class=\"vc_column-inner\"><div class=\"wpb_wrapper\"><div class=\"aio-icon-component    style_1\"><div id=\"Info-box-wrap-8202\" class=\"aio-icon-box default-icon\" style=\"\"  ><div class=\"aio-icon-header\" ><h3 class=\"aio-icon-title ult-responsive\"  data-ultimate-target='#Info-box-wrap-8202 .aio-icon-title'  data-responsive-json-new='{\"font-size\":\"\",\"line-height\":\"\"}'  style=\"\">Sisteme de operare \u2013 Windows<\/h3><\/div> <!-- header --><div class=\"aio-icon-description ult-responsive\"  data-ultimate-target='#Info-box-wrap-8202 .aio-icon-description'  data-responsive-json-new='{\"font-size\":\"\",\"line-height\":\"\"}'  style=\"\"><strong>Windows 10<\/strong> se remarc\u0103 prin securitate avansat\u0103 \u0219i o interfa\u021b\u0103 intuitiv\u0103, conceput\u0103 pentru a asigura o experien\u021b\u0103 pl\u0103cut\u0103 \u0219i eficient\u0103. Compatibilitatea extins\u0103 cu diverse configura\u021bii hardware \u0219i aplica\u021bii reduce consumul de resurse \u0219i ofer\u0103 control complet asupra func\u021bion\u0103rii sistemului.<\/div> <!-- description --><\/div> <!-- aio-icon-box --><\/div> <!-- aio-icon-component --><div class=\"aio-icon-component    style_1\"><div id=\"Info-box-wrap-9780\" class=\"aio-icon-box default-icon\" style=\"\"  ><div class=\"aio-icon-header\" ><h3 class=\"aio-icon-title ult-responsive\"  data-ultimate-target='#Info-box-wrap-9780 .aio-icon-title'  data-responsive-json-new='{\"font-size\":\"\",\"line-height\":\"\"}'  style=\"\">Microsoft Office \u0219i solu\u021bii complementare<\/h3><\/div> <!-- header --><div class=\"aio-icon-description ult-responsive\"  data-ultimate-target='#Info-box-wrap-9780 .aio-icon-description'  data-responsive-json-new='{\"font-size\":\"\",\"line-height\":\"\"}'  style=\"\"><strong>Microsoft Office<\/strong> pune la dispozi\u021bia utilizatorilor instrumente versatile, actualizate constant, care permit performan\u021b\u0103 ridicat\u0103 \u00een activitatea profesional\u0103 sau academic\u0103. \u00cen plus fa\u021b\u0103 de suita standard de desktop, Microsoft ofer\u0103 \u0219i aplica\u021bii specializate, precum:<\/p>\n<ul data-spread=\"false\">\n<li><strong>Microsoft Office pentru Mac<\/strong><\/li>\n<li><strong>Microsoft Visio<\/strong><\/li>\n<li><strong>Microsoft Project<\/strong><\/li>\n<li><strong>Microsoft SharePoint<\/strong><\/li>\n<li><strong>Microsoft Expression Studio<\/strong><\/li>\n<\/ul>\n<p><\/div> <!-- description --><\/div> <!-- aio-icon-box --><\/div> <!-- aio-icon-component --><div class=\"aio-icon-component    style_1\"><div id=\"Info-box-wrap-3057\" class=\"aio-icon-box default-icon\" style=\"\"  ><div class=\"aio-icon-header\" ><h3 class=\"aio-icon-title ult-responsive\"  data-ultimate-target='#Info-box-wrap-3057 .aio-icon-title'  data-responsive-json-new='{\"font-size\":\"\",\"line-height\":\"\"}'  style=\"\">De ce s\u0103 investe\u0219ti \u00een licen\u021be software?<\/h3><\/div> <!-- header --><div class=\"aio-icon-description ult-responsive\"  data-ultimate-target='#Info-box-wrap-3057 .aio-icon-description'  data-responsive-json-new='{\"font-size\":\"\",\"line-height\":\"\"}'  style=\"\">Achizi\u021bionarea unei <strong>licen\u021be legale<\/strong> este esen\u021bial\u0103 pentru siguran\u021ba \u0219i continuitatea activit\u0103\u021bii. Multe companii din Rom\u00e2nia subestimeaz\u0103 acest aspect, achizi\u021bion\u00e2nd software \u00een grab\u0103, f\u0103r\u0103 a-l integra \u00eentr-un plan coerent de dezvoltare a departamentului sau organiza\u021biei.<\/p>\n<p>Licen\u021bierea corect\u0103 aduce beneficii importante:<\/p>\n<ul data-spread=\"false\">\n<li>conformitate legal\u0103<\/li>\n<li>stabilitate \u0219i securitate sporit\u0103<\/li>\n<li>acces la actualiz\u0103ri \u0219i suport tehnic<\/li>\n<li>continuitate \u00een activit\u0103\u021bile zilnice<\/li>\n<\/ul>\n<p><\/div> <!-- description --><\/div> <!-- aio-icon-box --><\/div> <!-- aio-icon-component --><\/div><\/div><\/div><\/div><div class=\"vc_row wpb_row vc_row-fluid\"><div class=\"wpb_column vc_column_container vc_col-sm-12\"><div class=\"vc_column-inner\"><div class=\"wpb_wrapper\"><\/div><\/div><\/div><\/div>","protected":false},"excerpt":{"rendered":"<p>Solu\u021bii software pentru fiecare necesitate De la sisteme de operare \u0219i programe antivirus, p\u00e2n\u0103 la aplica\u021bii de design grafic sau de proiectare tehnic\u0103, Doctor PC ofer\u0103 o gam\u0103 complet\u0103 de software profesional. \u00cen plus, oferim consultan\u021b\u0103 pentru achizi\u021bii, bazat\u0103 pe compatibilitatea cu echipamentele existente, precum \u0219i servicii de instalare \u0219i \u00eentre\u021binere, disponibile la cerere. Sisteme&hellip;<\/p>","protected":false},"author":1,"featured_media":0,"parent":0,"menu_order":0,"comment_status":"closed","ping_status":"closed","template":"","meta":{"footnotes":""},"_links":{"self":[{"href":"https:\/\/doctor-pc.ro\/ro_ro\/wp-json\/wp\/v2\/pages\/4868"}],"collection":[{"href":"https:\/\/doctor-pc.ro\/ro_ro\/wp-json\/wp\/v2\/pages"}],"about":[{"href":"https:\/\/doctor-pc.ro\/ro_ro\/wp-json\/wp\/v2\/types\/page"}],"author":[{"embeddable":true,"href":"https:\/\/doctor-pc.ro\/ro_ro\/wp-json\/wp\/v2\/users\/1"}],"replies":[{"embeddable":true,"href":"https:\/\/doctor-pc.ro\/ro_ro\/wp-json\/wp\/v2\/comments?post=4868"}],"version-history":[{"count":4,"href":"https:\/\/doctor-pc.ro\/ro_ro\/wp-json\/wp\/v2\/pages\/4868\/revisions"}],"predecessor-version":[{"id":4877,"href":"https:\/\/doctor-pc.ro\/ro_ro\/wp-json\/wp\/v2\/pages\/4868\/revisions\/4877"}],"wp:attachment":[{"href":"https:\/\/doctor-pc.ro\/ro_ro\/wp-json\/wp\/v2\/media?parent=4868"}],"curies":[{"name":"wp","href":"https:\/\/api.w.org\/{rel}","templated":true}]}}