{"id":4445,"date":"2023-08-02T11:29:59","date_gmt":"2023-08-02T11:29:59","guid":{"rendered":"https:\/\/doctor-pc.ro\/?page_id=4445"},"modified":"2023-08-17T10:33:15","modified_gmt":"2023-08-17T10:33:15","slug":"distribuitor-nexus","status":"publish","type":"page","link":"https:\/\/doctor-pc.ro\/ro_ro\/services\/distribuitor-nexus\/","title":{"rendered":"Distribuitor Nexus"},"content":{"rendered":"<div class=\"vc_row wpb_row vc_row-fluid\"><div class=\"wpb_column vc_column_container vc_col-sm-12\"><div class=\"vc_column-inner\"><div class=\"wpb_wrapper\">\n\t<div class=\"wpb_text_column wpb_content_element\" >\n\t\t<div class=\"wpb_wrapper\">\n\t\t\t<h3><span style=\"color: #a21d21;\"><strong><img loading=\"lazy\" decoding=\"async\" class=\"wp-image-4459 size-medium alignleft\" src=\"https:\/\/doctor-pc.ro\/wp-content\/uploads\/2023\/08\/nexus-logo-300x159.png\" alt=\"\" width=\"300\" height=\"159\" srcset=\"https:\/\/doctor-pc.ro\/wp-content\/uploads\/2023\/08\/nexus-logo-300x159.png 300w, https:\/\/doctor-pc.ro\/wp-content\/uploads\/2023\/08\/nexus-logo.png 350w\" sizes=\"(max-width: 300px) 100vw, 300px\" \/>Suntem distribuitori oficiali Nexus<\/strong><\/span><\/h3>\n<p>Aduc\u00e2nd tehnologie de v\u00e2rf \u0219i solu\u021bii software performante pentru clien\u021bii no\u0219tri. Prin parteneriatul cu Nexus, ne propunem s\u0103 oferim afacerilor oportunitatea de a-\u0219i optimiza procesele, de a accelera cre\u0219terea \u0219i de a atinge succesul dorit.<\/p>\n<p><span style=\"color: #a21d21;\"><strong>Ce \u00eenseamn\u0103 s\u0103 fii distribuitor Nexus?<\/strong><\/span> Pentru noi, \u00eenseamn\u0103 s\u0103 aducem inova\u021bie, eficien\u021b\u0103 \u0219i performan\u021b\u0103 \u00een fiecare solu\u021bie oferit\u0103. Nexus este sinonim cu tehnologie avansat\u0103 \u0219i fiabilitate, iar produsele lor au fost validate \u00een diferite industrii, ceea ce ne permite s\u0103 le recomand\u0103m cu \u00eencredere clien\u021bilor no\u0219tri.<\/p>\n<p><span style=\"color: #a21d21;\"><strong>De ce alegem Nexus?<\/strong><\/span> Pentru c\u0103 ne dorim s\u0103 oferim cel mai bun pentru afacerile clien\u021bilor no\u0219tri. Cu Nexus la baz\u0103, clien\u021bii no\u0219tri au acces la solu\u021bii complete de ERP, adaptate nevoilor specifice ale industriei lor, indiferent dac\u0103 sunt \u00een domeniul HORECA, supermarket, transport, produc\u021bie, distribu\u021bie sau contabilitate.<\/p>\n<p><img loading=\"lazy\" decoding=\"async\" class=\"alignleft wp-image-4447\" src=\"https:\/\/doctor-pc.ro\/wp-content\/uploads\/2023\/08\/distribuitor-nexus-300x300.png\" alt=\"\" width=\"400\" height=\"400\" srcset=\"https:\/\/doctor-pc.ro\/wp-content\/uploads\/2023\/08\/distribuitor-nexus-300x300.png 300w, https:\/\/doctor-pc.ro\/wp-content\/uploads\/2023\/08\/distribuitor-nexus-150x150.png 150w, https:\/\/doctor-pc.ro\/wp-content\/uploads\/2023\/08\/distribuitor-nexus-768x768.png 768w, https:\/\/doctor-pc.ro\/wp-content\/uploads\/2023\/08\/distribuitor-nexus.png 800w\" sizes=\"(max-width: 400px) 100vw, 400px\" \/>Beneficiile parteneriatului cu Nexus sunt remarcabile. Avem posibilitatea de a oferi clien\u021bilor no\u0219tri solu\u021bii software personalizate, ce simplific\u0103 gestionarea resurselor, optimizeaz\u0103 fluxul de lucru \u0219i faciliteaz\u0103 luarea deciziilor informate. Totodat\u0103, suntem sprijini\u021bi de echipa Nexus \u00een fiecare etap\u0103 a colabor\u0103rii, oferindu-ne suport tehnic, informa\u021bii actualizate \u0219i resurse pentru a ne dezvolta afacerea de distribuitor de succes.<\/p>\n<p>La Doctor PC, suntem dedica\u021bi s\u0103 aducem solu\u021bii inovatoare \u0219i performan\u021b\u0103 maxim\u0103 pentru clien\u021bii no\u0219tri. Fiecare afacere are nevoie de o solu\u021bie personalizat\u0103 \u0219i de \u00eencredere, iar noi suntem aici s\u0103 le oferim exact acest lucru prin parteneriatul nostru cu Nexus.<\/p>\n<h3><\/h3>\n\n\t\t<\/div>\n\t<\/div>\n<div class=\"vc_row wpb_row vc_inner vc_row-fluid\"><div class=\"wpb_column vc_column_container vc_col-sm-12\"><div class=\"vc_column-inner\"><div class=\"wpb_wrapper\"><div class=\"vc_separator wpb_content_element vc_separator_align_center vc_sep_width_100 vc_sep_pos_align_center vc_separator_no_text vc_sep_color_white\" ><span class=\"vc_sep_holder vc_sep_holder_l\"><span  class=\"vc_sep_line\"><\/span><\/span><span class=\"vc_sep_holder vc_sep_holder_r\"><span  class=\"vc_sep_line\"><\/span><\/span>\n<\/div><\/div><\/div><\/div><\/div><div class=\"vc_row wpb_row vc_inner vc_row-fluid\"><div class=\"wpb_column vc_column_container vc_col-sm-12\"><div class=\"vc_column-inner\"><div class=\"wpb_wrapper\"><div class=\"vc_separator wpb_content_element vc_separator_align_center vc_sep_width_100 vc_sep_border_width_3 vc_sep_pos_align_center vc_sep_color_black vc_separator-has-text\" ><span class=\"vc_sep_holder vc_sep_holder_l\"><span  class=\"vc_sep_line\"><\/span><\/span><h4>Solu\u021bii complete de ERP:<\/h4><span class=\"vc_sep_holder vc_sep_holder_r\"><span  class=\"vc_sep_line\"><\/span><\/span>\n<\/div><div class=\"vc_separator wpb_content_element vc_separator_align_center vc_sep_width_100 vc_sep_pos_align_center vc_separator_no_text vc_sep_color_white\" ><span class=\"vc_sep_holder vc_sep_holder_l\"><span  class=\"vc_sep_line\"><\/span><\/span><span class=\"vc_sep_holder vc_sep_holder_r\"><span  class=\"vc_sep_line\"><\/span><\/span>\n<\/div><div class=\"standard-arrow list-divider bullet-top\"><ul>\n<li>HoReCa<\/li>\n<li>\n<p style=\"text-align: left;\">Supermarket<\/p>\n<\/li>\n<li style=\"text-align: left;\">Transport<\/li>\n<li>\n<p style=\"text-align: left;\">Produc\u021bie<\/p>\n<\/li>\n<li>Dustribu\u021bie<\/li>\n<li>Contabilitate<\/li>\n<\/ul>\n<\/div><\/div><\/div><\/div><\/div><div class=\"vc_row wpb_row vc_inner vc_row-fluid\"><div class=\"wpb_column vc_column_container vc_col-sm-12\"><div class=\"vc_column-inner\"><div class=\"wpb_wrapper\"><div class=\"vc_separator wpb_content_element vc_separator_align_center vc_sep_width_100 vc_sep_pos_align_center vc_sep_color_black vc_separator-has-text\" ><span class=\"vc_sep_holder vc_sep_holder_l\"><span  class=\"vc_sep_line\"><\/span><\/span><h4>Descoper\u0103 produsele Nexus Media<\/h4><span class=\"vc_sep_holder vc_sep_holder_r\"><span  class=\"vc_sep_line\"><\/span><\/span>\n<\/div><div class=\"vc_separator wpb_content_element vc_separator_align_center vc_sep_width_100 vc_sep_pos_align_center vc_separator_no_text vc_sep_color_white\" ><span class=\"vc_sep_holder vc_sep_holder_l\"><span  class=\"vc_sep_line\"><\/span><\/span><span class=\"vc_sep_holder vc_sep_holder_r\"><span  class=\"vc_sep_line\"><\/span><\/span>\n<\/div><\/div><\/div><\/div><\/div><div class=\"vc_separator wpb_content_element vc_separator_align_left vc_sep_width_100 vc_sep_border_width_3 vc_sep_pos_align_center vc_separator-has-text\" ><span class=\"vc_sep_holder vc_sep_holder_l\"><span  style=\"border-color:#ce1b23;\" class=\"vc_sep_line\"><\/span><\/span><h4>DESKTOP<\/h4><span class=\"vc_sep_holder vc_sep_holder_r\"><span  style=\"border-color:#ce1b23;\" class=\"vc_sep_line\"><\/span><\/span>\n<\/div><div  class=\"vc_toggle vc_toggle_default vc_toggle_color_default  vc_toggle_size_md\"><div class=\"vc_toggle_title\"><h4>ERP<\/h4><i class=\"vc_toggle_icon\"><\/i><\/div><div class=\"vc_toggle_content\"><ul>\n<li>ERP<\/li>\n<li>Salarii<\/li>\n<li>Resurse Umane<\/li>\n<li>Nexus Analist<\/li>\n<li>CRM<\/li>\n<li>Parc Auto<\/li>\n<li>GDPR<\/li>\n<\/ul>\n<\/div><\/div><div  class=\"vc_toggle vc_toggle_default vc_toggle_color_default  vc_toggle_size_md\"><div class=\"vc_toggle_title\"><h4>Retail<\/h4><i class=\"vc_toggle_icon\"><\/i><\/div><div class=\"vc_toggle_content\"><ul>\n<li>Supermarket<\/li>\n<li>Magazin<\/li>\n<li>Restaurant<\/li>\n<li>Fast-Food<\/li>\n<li>Catering<\/li>\n<li>Self Checkout Supermarket<\/li>\n<li>Hotel<\/li>\n<\/ul>\n<\/div><\/div><div class=\"vc_separator wpb_content_element vc_separator_align_left vc_sep_width_100 vc_sep_border_width_3 vc_sep_pos_align_center vc_separator-has-text\" ><span class=\"vc_sep_holder vc_sep_holder_l\"><span  style=\"border-color:#ce1b23;\" class=\"vc_sep_line\"><\/span><\/span><h4>MOBILE &amp; WEB<\/h4><span class=\"vc_sep_holder vc_sep_holder_r\"><span  style=\"border-color:#ce1b23;\" class=\"vc_sep_line\"><\/span><\/span>\n<\/div><div  class=\"vc_toggle vc_toggle_default vc_toggle_color_default  vc_toggle_size_md\"><div class=\"vc_toggle_title\"><h4>Comer\u021b online<\/h4><i class=\"vc_toggle_icon\"><\/i><\/div><div class=\"vc_toggle_content\"><ul>\n<li>NexyShop eCommerce<\/li>\n<\/ul>\n<\/div><\/div><div class=\"vc_separator wpb_content_element vc_separator_align_left vc_sep_width_100 vc_sep_border_width_3 vc_sep_pos_align_center vc_separator-has-text\" ><span class=\"vc_sep_holder vc_sep_holder_l\"><span  style=\"border-color:#ce1b23;\" class=\"vc_sep_line\"><\/span><\/span><h4>UTILITARE<\/h4><span class=\"vc_sep_holder vc_sep_holder_r\"><span  style=\"border-color:#ce1b23;\" class=\"vc_sep_line\"><\/span><\/span>\n<\/div><div  class=\"vc_toggle vc_toggle_default vc_toggle_color_default  vc_toggle_size_md\"><div class=\"vc_toggle_title\"><h4>ERP<\/h4><i class=\"vc_toggle_icon\"><\/i><\/div><div class=\"vc_toggle_content\"><div class=\"vc_row wpb_row vc_row-fluid\">\n<div class=\"wpb_column vc_column_container vc_col-sm-12\">\n<div class=\"vc_column-inner\">\n<div class=\"wpb_wrapper\">\n<div class=\"dt-fancy-separator h3-size title-color\">\n<ul>\n<li class=\"dt-fancy-title\">SAF-T<\/li>\n<\/ul>\n<\/div>\n<\/div>\n<\/div>\n<\/div>\n<\/div>\n<div class=\"vc_row wpb_row vc_row-fluid\">\n<div class=\"wpb_column vc_column_container vc_col-sm-12\">\n<div class=\"vc_column-inner\">\n<div class=\"wpb_wrapper\">\n<div class=\"dt-fancy-separator h3-size title-color\">\n<div class=\"dt-fancy-title\"><\/div>\n<\/div>\n<\/div>\n<\/div>\n<\/div>\n<\/div>\n<\/div><\/div><div class=\"vc_separator wpb_content_element vc_separator_align_left vc_sep_width_100 vc_sep_border_width_3 vc_sep_pos_align_center vc_separator-has-text\" ><span class=\"vc_sep_holder vc_sep_holder_l\"><span  style=\"border-color:#ce1b23;\" class=\"vc_sep_line\"><\/span><\/span><h4>UTILITARE ONLINE GRATUITE<\/h4><span class=\"vc_sep_holder vc_sep_holder_r\"><span  style=\"border-color:#ce1b23;\" class=\"vc_sep_line\"><\/span><\/span>\n<\/div><div  class=\"vc_toggle vc_toggle_default vc_toggle_color_default  vc_toggle_size_md\"><div class=\"vc_toggle_title\"><h4>Salarii<\/h4><i class=\"vc_toggle_icon\"><\/i><\/div><div class=\"vc_toggle_content\"><ul>\n<li>Calcul salariu net<\/li>\n<li>Calcul salariu brut<\/li>\n<li>Calcul salariul construc\u021bii<\/li>\n<li>Evolu\u021bie salariu minim<\/li>\n<\/ul>\n<\/div><\/div><div  class=\"vc_toggle vc_toggle_default vc_toggle_color_default  vc_toggle_size_md\"><div class=\"vc_toggle_title\"><h4>Convertoare<\/h4><i class=\"vc_toggle_icon\"><\/i><\/div><div class=\"vc_toggle_content\"><ul>\n<li>Convertor valutar BNR<\/li>\n<li>Convertor valutar ECB<\/li>\n<\/ul>\n<\/div><\/div><div  class=\"vc_toggle vc_toggle_default vc_toggle_color_default  vc_toggle_size_md\"><div class=\"vc_toggle_title\"><h4>Calculatoarea<\/h4><i class=\"vc_toggle_icon\"><\/i><\/div><div class=\"vc_toggle_content\"><ul>\n<li>Calculator TVA<\/li>\n<li>Calculator pre\u021buri<\/li>\n<\/ul>\n<\/div><\/div><div  class=\"vc_toggle vc_toggle_default vc_toggle_color_default  vc_toggle_size_md\"><div class=\"vc_toggle_title\"><h4>Facturare ( f\u0103r\u0103 cont )<\/h4><i class=\"vc_toggle_icon\"><\/i><\/div><div class=\"vc_toggle_content\"><ul>\n<li>Factureaz\u0103 online ( pl\u0103titori de TVA)<\/li>\n<li>Factureaz\u0103 online ( nepl\u0103titori de TVA)<\/li>\n<li>e-factura din XML \u00een PDF (convertor facturi)<\/li>\n<\/ul>\n<\/div><\/div><\/div><\/div><\/div><div class=\"wpb_column vc_column_container vc_col-sm-12\"><div class=\"vc_column-inner\"><div class=\"wpb_wrapper\"><\/div><\/div><\/div><\/div><div class=\"vc_row wpb_row vc_row-fluid\"><div class=\"wpb_column vc_column_container vc_col-sm-12\"><div class=\"vc_column-inner\"><div class=\"wpb_wrapper\"><section class=\"vc_cta3-container\"><div class=\"vc_general vc_cta3 vc_cta3-style-classic vc_cta3-shape-rounded vc_cta3-align-center vc_cta3-color-classic vc_cta3-icon-size-md\"><div class=\"vc_cta3_content-container\"><div class=\"vc_cta3-content\"><header class=\"vc_cta3-content-header\"><h2>Al\u0103tur\u0103-te nou\u0103 \u0219i construie\u0219te viitorul afacerii tale cu solu\u021bii software performante de la Nexus!<\/h2><\/header><p>Contacteaz\u0103-ne pentru a afla mai multe detalii despre produsele \u0219i serviciile noastre.<\/p>\n<\/div><\/div><\/div><\/section><\/div><\/div><\/div><\/div>","protected":false},"excerpt":{"rendered":"<p>Suntem distribuitori oficiali Nexus Aduc\u00e2nd tehnologie de v\u00e2rf \u0219i solu\u021bii software performante pentru clien\u021bii no\u0219tri. Prin parteneriatul cu Nexus, ne propunem s\u0103 oferim afacerilor oportunitatea de a-\u0219i optimiza procesele, de a accelera cre\u0219terea \u0219i de a atinge succesul dorit. Ce \u00eenseamn\u0103 s\u0103 fii distribuitor Nexus? Pentru noi, \u00eenseamn\u0103 s\u0103 aducem inova\u021bie, eficien\u021b\u0103 \u0219i performan\u021b\u0103 \u00een&hellip;<\/p>","protected":false},"author":3,"featured_media":0,"parent":1483,"menu_order":5,"comment_status":"closed","ping_status":"closed","template":"","meta":{"footnotes":""},"_links":{"self":[{"href":"https:\/\/doctor-pc.ro\/ro_ro\/wp-json\/wp\/v2\/pages\/4445"}],"collection":[{"href":"https:\/\/doctor-pc.ro\/ro_ro\/wp-json\/wp\/v2\/pages"}],"about":[{"href":"https:\/\/doctor-pc.ro\/ro_ro\/wp-json\/wp\/v2\/types\/page"}],"author":[{"embeddable":true,"href":"https:\/\/doctor-pc.ro\/ro_ro\/wp-json\/wp\/v2\/users\/3"}],"replies":[{"embeddable":true,"href":"https:\/\/doctor-pc.ro\/ro_ro\/wp-json\/wp\/v2\/comments?post=4445"}],"version-history":[{"count":19,"href":"https:\/\/doctor-pc.ro\/ro_ro\/wp-json\/wp\/v2\/pages\/4445\/revisions"}],"predecessor-version":[{"id":4497,"href":"https:\/\/doctor-pc.ro\/ro_ro\/wp-json\/wp\/v2\/pages\/4445\/revisions\/4497"}],"up":[{"embeddable":true,"href":"https:\/\/doctor-pc.ro\/ro_ro\/wp-json\/wp\/v2\/pages\/1483"}],"wp:attachment":[{"href":"https:\/\/doctor-pc.ro\/ro_ro\/wp-json\/wp\/v2\/media?parent=4445"}],"curies":[{"name":"wp","href":"https:\/\/api.w.org\/{rel}","templated":true}]}}