{"id":4429,"date":"2023-07-27T06:45:18","date_gmt":"2023-07-27T06:45:18","guid":{"rendered":"https:\/\/doctor-pc.ro\/?page_id=4429"},"modified":"2023-10-25T15:18:50","modified_gmt":"2023-10-25T15:18:50","slug":"cum-trimit-la-service-cu-curierul","status":"publish","type":"page","link":"https:\/\/doctor-pc.ro\/ro_ro\/cum-trimit-la-service-cu-curierul\/","title":{"rendered":"Cum trimit la service cu curierul?"},"content":{"rendered":"<div class=\"vc_row wpb_row vc_row-fluid\"><div class=\"wpb_column vc_column_container vc_col-sm-12\"><div class=\"vc_column-inner\"><div class=\"wpb_wrapper\">\n\t<div class=\"wpb_text_column wpb_content_element\" >\n\t\t<div class=\"wpb_wrapper\">\n\t\t\t<h2 style=\"text-align: center;\">Dori\u021bi s\u0103 trimite\u021bi echipamentul la serviceul nostru ?<\/h2>\n<h2 style=\"text-align: center;\">E mai simplu dec\u00e2t v\u0103 imagina\u021bi!<\/h2>\n\n\t\t<\/div>\n\t<\/div>\n\n\t<div class=\"wpb_text_column wpb_content_element\" >\n\t\t<div class=\"wpb_wrapper\">\n\t\t\t<h5 style=\"text-align: center;\">Completa\u021bi formularul de mai jos, iar noi v\u0103 vom trimite un curier pentru a ridica coletul de la loca\u021bia dvs!<\/h5>\n<p>&nbsp;<\/p>\n<ul>\n<li>pentru a descrie serviciile dorite \u0219i a men\u021biona adresa de ridicare a coletului<\/li>\n<li>dup\u0103 repara\u021bia produselor, costul curierului va fi trecut ca \u0219i ramburs l\u00e2ng\u0103 costurile de repara\u021bii.<\/li>\n<li>\u00eenainte de a chema curierul, unul dintre profesioni\u0219tii de la Doctor PC v\u0103 va contacta cu pre\u021bul transportului pentru confirmare \u0219i acord.<\/li>\n<\/ul>\n\n\t\t<\/div>\n\t<\/div>\n<div role=\"form\" class=\"wpcf7\" id=\"wpcf7-f4156-o1\" lang=\"en-US\" dir=\"ltr\">\n<div class=\"screen-reader-response\"><p role=\"status\" aria-live=\"polite\" aria-atomic=\"true\"><\/p> <ul><\/ul><\/div>\n<form action=\"\/ro_ro\/wp-json\/wp\/v2\/pages\/4429#wpcf7-f4156-o1\" method=\"post\" class=\"wpcf7-form init\" novalidate=\"novalidate\" data-status=\"init\" data-trp-original-action=\"\/ro_ro\/wp-json\/wp\/v2\/pages\/4429#wpcf7-f4156-o1\">\n<div style=\"display: none;\">\n<input type=\"hidden\" name=\"_wpcf7\" value=\"4156\" \/>\n<input type=\"hidden\" name=\"_wpcf7_version\" value=\"5.6.3\" \/>\n<input type=\"hidden\" name=\"_wpcf7_locale\" value=\"en_US\" \/>\n<input type=\"hidden\" name=\"_wpcf7_unit_tag\" value=\"wpcf7-f4156-o1\" \/>\n<input type=\"hidden\" name=\"_wpcf7_container_post\" value=\"0\" \/>\n<input type=\"hidden\" name=\"_wpcf7_posted_data_hash\" value=\"\" \/>\n<input type=\"hidden\" name=\"_wpcf7_recaptcha_response\" value=\"\" \/>\n<\/div>\n<p><label> Nume<br \/>\n    <span class=\"wpcf7-form-control-wrap\" data-name=\"your-name\"><input type=\"text\" name=\"your-name\" value=\"\" size=\"40\" class=\"wpcf7-form-control wpcf7-text wpcf7-validates-as-required\" aria-required=\"true\" aria-invalid=\"false\" \/><\/span><br \/>\n <\/label><\/p>\n<p><label> Email<br \/>\n    <span class=\"wpcf7-form-control-wrap\" data-name=\"your-email\"><input type=\"email\" name=\"your-email\" value=\"\" size=\"40\" class=\"wpcf7-form-control wpcf7-text wpcf7-email wpcf7-validates-as-required wpcf7-validates-as-email\" aria-required=\"true\" aria-invalid=\"false\" \/><\/span> <\/label><\/p>\n<p><label> Telefon<br \/>\n    <span class=\"wpcf7-form-control-wrap\" data-name=\"your-numar-telefon\"><input type=\"text\" name=\"your-numar-telefon\" value=\"\" size=\"40\" class=\"wpcf7-form-control wpcf7-text wpcf7-validates-as-required\" aria-required=\"true\" aria-invalid=\"false\" \/><\/span> <\/label><\/p>\n<p><label> Jude\u021b<br \/>\n<span class=\"wpcf7-form-control-wrap\" data-name=\"dropdown-judet-romania\"><select name=\"dropdown-judet-romania\" class=\"wpcf7-form-control wpcf7-select\" aria-invalid=\"false\"><option value=\"Bucuresti\">Bucuresti<\/option><option value=\"Alba\">Alba<\/option><option value=\"Arad\">Arad<\/option><option value=\"Arges\">Arges<\/option><option value=\"Bacau\">Bacau<\/option><option value=\"Bihor\">Bihor<\/option><option value=\"Bistrita - Nasaud\">Bistrita - Nasaud<\/option><option value=\"Botosani\">Botosani<\/option><option value=\"Braila\">Braila<\/option><option value=\"Brasov\">Brasov<\/option><option value=\"Buzau\">Buzau<\/option><option value=\"Calarasi\">Calarasi<\/option><option value=\"Caras - Severin\">Caras - Severin<\/option><option value=\"Cluj\">Cluj<\/option><option value=\"Constanta\">Constanta<\/option><option value=\"Covasna\">Covasna<\/option><option value=\"Dambovita\">Dambovita<\/option><option value=\"Dolj\">Dolj<\/option><option value=\"Galati\">Galati<\/option><option value=\"Giurgiu\">Giurgiu<\/option><option value=\"Gorj\">Gorj<\/option><option value=\"Harghita\">Harghita<\/option><option value=\"Hunedoara\">Hunedoara<\/option><option value=\"Ialomita\">Ialomita<\/option><option value=\"Iasi\">Iasi<\/option><option value=\"Ilfov\">Ilfov<\/option><option value=\"Maramures\">Maramures<\/option><option value=\"Mehedinti\">Mehedinti<\/option><option value=\"Mures\">Mures<\/option><option value=\"Neamt\">Neamt<\/option><option value=\"Olt\">Olt<\/option><option value=\"Prahova\">Prahova<\/option><option value=\"Salaj\">Salaj<\/option><option value=\"Satu Mare\">Satu Mare<\/option><option value=\"Sibiu\">Sibiu<\/option><option value=\"Suceava\">Suceava<\/option><option value=\"Teleorman\">Teleorman<\/option><option value=\"Timis\">Timis<\/option><option value=\"Tulcea\">Tulcea<\/option><option value=\"Valcea\">Valcea<\/option><option value=\"Vaslui\">Vaslui<\/option><option value=\"Vrancea\">Vrancea<\/option><\/select><\/span><\/label><\/p>\n<p><label> Adresa de ridicare ( Ora\u0219ul \u0219i adresa dvs. )<br \/>\n<span class=\"wpcf7-form-control-wrap\" data-name=\"text-adresa-de-ridicare\"><input type=\"text\" name=\"text-adresa-de-ridicare\" value=\"\" size=\"40\" class=\"wpcf7-form-control wpcf7-text\" aria-invalid=\"false\" \/><\/span><\/label><\/p>\n<p><label> Tipul de serviciu dorit<br \/>\n<span class=\"wpcf7-form-control-wrap\" data-name=\"tip-serviciu-solicitat\"><select name=\"tip-serviciu-solicitat\" class=\"wpcf7-form-control wpcf7-select wpcf7-validates-as-required\" aria-required=\"true\" aria-invalid=\"false\"><option value=\"Service Laptop\">Service Laptop<\/option><option value=\"Service Calculator\">Service Calculator<\/option><option value=\"Service Telefon\">Service Telefon<\/option><option value=\"Service Imprimant\u0103\">Service Imprimant\u0103<\/option><option value=\"Alt tip de service\">Alt tip de service<\/option><\/select><\/span><\/label><\/p>\n<p><label> Observa\u021bii<br \/>\n<span class=\"wpcf7-form-control-wrap\" data-name=\"observatii-client\"><textarea name=\"observatii-client\" cols=\"40\" rows=\"10\" class=\"wpcf7-form-control wpcf7-textarea\" aria-invalid=\"false\"><\/textarea><\/span><\/label><\/p>\n<p><label> Accept termenii \u0219i condi\u021biile de intrare \u00een service:<br \/>\n<span class=\"wpcf7-form-control-wrap\" data-name=\"termeni-si-conditii\"><span class=\"wpcf7-form-control wpcf7-radio\"><span class=\"wpcf7-list-item first last\"><label><span class=\"wpcf7-list-item-label\">Da<\/span><input type=\"radio\" name=\"termeni-si-conditii\" value=\"Da\" checked=\"checked\" \/><\/label><\/span><\/span><\/span><\/label><\/p>\n<p><br><\/p>\n<p><span class=\"wpcf7-form-control-wrap\" data-name=\"quiz-848\"><label><span class=\"wpcf7-quiz-label\">5+12?<\/span> <input type=\"text\" name=\"quiz-848\" size=\"40\" class=\"wpcf7-form-control wpcf7-quiz\" autocomplete=\"off\" aria-required=\"true\" aria-invalid=\"false\" \/><\/label><input type=\"hidden\" name=\"_wpcf7_quiz_answer_quiz-848\" value=\"44b1f06b222e5173331a2ee883fd3e95\" \/><\/span><\/p>\n<p><input type=\"submit\" value=\"Trimite solicitarea\" class=\"wpcf7-form-control has-spinner wpcf7-submit\" \/><\/p>\n<p style=\"display: none !important;\"><label>&#916;<textarea name=\"_wpcf7_ak_hp_textarea\" cols=\"45\" rows=\"8\" maxlength=\"100\"><\/textarea><\/label><input type=\"hidden\" id=\"ak_js_1\" name=\"_wpcf7_ak_js\" value=\"207\"\/><script>document.getElementById( \"ak_js_1\" ).setAttribute( \"value\", ( new Date() ).getTime() );<\/script><\/p><div class=\"wpcf7-response-output\" aria-hidden=\"true\"><\/div><input type=\"hidden\" name=\"trp-form-language\" value=\"ro_ro\"\/><\/form><\/div><\/div><\/div><\/div><\/div><div class=\"vc_row wpb_row vc_row-fluid\"><div class=\"wpb_column vc_column_container vc_col-sm-12\"><div class=\"vc_column-inner\"><div class=\"wpb_wrapper\">\n\t<div class=\"wpb_text_column wpb_content_element\" >\n\t\t<div class=\"wpb_wrapper\">\n\t\t\t<p>&nbsp;<\/p>\n<p>&nbsp;<\/p>\n<p><strong>Dup\u0103 ce ajunge coletul in serviceul nostru:<\/strong><\/p>\n<ul>\n<li>\u00cel \u00eenregistr\u0103m \u00een sistemul nostru de service, care poate fi accesat online <a href=\"https:\/\/service.doctor-pc.ro\/\">CLICK AICI<\/a>.<\/li>\n<li>Ve\u021bi primi fi\u0219a de service pe WhatsApp sau prin email.<\/li>\n<li>\u00cen aplica\u021bie, pute\u021bi urm\u0103ri statusul repara\u021biei.<\/li>\n<li>\u00cenainte ca repara\u021bia s\u0103 fie efectuat\u0103, v\u0103 vom comunica costurile de repara\u021bie.<\/li>\n<li>La trimiterea coletului c\u0103tre service-ul nostru, accepta\u021bi automat condi\u021biile de intrare \u00een service.<\/li>\n<\/ul>\n\n\t\t<\/div>\n\t<\/div>\n<\/div><\/div><\/div><\/div><div class=\"vc_row wpb_row vc_row-fluid vc_row-o-content-middle vc_row-flex\"><div class=\"wpb_column vc_column_container vc_col-sm-4\"><div class=\"vc_column-inner\"><div class=\"wpb_wrapper\">\n\t<div  class=\"wpb_single_image wpb_content_element vc_align_center\">\n\t\t\n\t\t<figure class=\"wpb_wrapper vc_figure\">\n\t\t\t<a href=\"https:\/\/doctor-pc.ro\/ro_ro\/politica-de-confidentialitate\/\" target=\"_self\"  class=\"vc_single_image-wrapper   vc_box_border_grey rollover\"   ><img loading=\"lazy\" decoding=\"async\" width=\"150\" height=\"150\" src=\"https:\/\/doctor-pc.ro\/wp-content\/uploads\/2023\/07\/2-1-150x150.png\" class=\"vc_single_image-img attachment-thumbnail\" alt=\"\" title=\"2\" srcset=\"https:\/\/doctor-pc.ro\/wp-content\/uploads\/2023\/07\/2-1-150x150.png 150w, https:\/\/doctor-pc.ro\/wp-content\/uploads\/2023\/07\/2-1-300x300.png 300w, https:\/\/doctor-pc.ro\/wp-content\/uploads\/2023\/07\/2-1.png 500w\" sizes=\"(max-width: 150px) 100vw, 150px\"  data-dt-location=\"https:\/\/doctor-pc.ro\/ro_ro\/cum-trimit-la-service-cu-curierul\/2-5\/\" \/><\/a>\n\t\t<\/figure>\n\t<\/div>\n<\/div><\/div><\/div><div class=\"wpb_column vc_column_container vc_col-sm-4\"><div class=\"vc_column-inner\"><div class=\"wpb_wrapper\">\n\t<div  class=\"wpb_single_image wpb_content_element vc_align_center\">\n\t\t\n\t\t<figure class=\"wpb_wrapper vc_figure\">\n\t\t\t<a href=\"https:\/\/doctor-pc.ro\/ro_ro\/termeni-si-conditii\/\" target=\"_self\"  class=\"vc_single_image-wrapper   vc_box_border_grey rollover\"   ><img loading=\"lazy\" decoding=\"async\" width=\"150\" height=\"150\" src=\"https:\/\/doctor-pc.ro\/wp-content\/uploads\/2023\/07\/1-150x150.png\" class=\"vc_single_image-img attachment-thumbnail\" alt=\"\" title=\"1\" srcset=\"https:\/\/doctor-pc.ro\/wp-content\/uploads\/2023\/07\/1-150x150.png 150w, https:\/\/doctor-pc.ro\/wp-content\/uploads\/2023\/07\/1-300x300.png 300w, https:\/\/doctor-pc.ro\/wp-content\/uploads\/2023\/07\/1.png 500w\" sizes=\"(max-width: 150px) 100vw, 150px\"  data-dt-location=\"https:\/\/doctor-pc.ro\/ro_ro\/cum-trimit-la-service-cu-curierul\/1-3\/\" \/><\/a>\n\t\t<\/figure>\n\t<\/div>\n<\/div><\/div><\/div><div class=\"wpb_column vc_column_container vc_col-sm-4\"><div class=\"vc_column-inner\"><div class=\"wpb_wrapper\">\n\t<div  class=\"wpb_single_image wpb_content_element vc_align_center\">\n\t\t\n\t\t<figure class=\"wpb_wrapper vc_figure\">\n\t\t\t<a href=\"https:\/\/doctor-pc.ro\/ro_ro\/termeni-si-conditii-intrare-in-service\/\" target=\"_self\"  class=\"vc_single_image-wrapper   vc_box_border_grey rollover\"   ><img loading=\"lazy\" decoding=\"async\" width=\"150\" height=\"150\" src=\"https:\/\/doctor-pc.ro\/wp-content\/uploads\/2023\/07\/3-150x150.png\" class=\"vc_single_image-img attachment-thumbnail\" alt=\"\" title=\"3\" srcset=\"https:\/\/doctor-pc.ro\/wp-content\/uploads\/2023\/07\/3-150x150.png 150w, https:\/\/doctor-pc.ro\/wp-content\/uploads\/2023\/07\/3-300x300.png 300w, https:\/\/doctor-pc.ro\/wp-content\/uploads\/2023\/07\/3.png 500w\" sizes=\"(max-width: 150px) 100vw, 150px\"  data-dt-location=\"https:\/\/doctor-pc.ro\/ro_ro\/cum-trimit-la-service-cu-curierul\/3-3\/\" \/><\/a>\n\t\t<\/figure>\n\t<\/div>\n<\/div><\/div><\/div><\/div>","protected":false},"excerpt":{"rendered":"<p>Dori\u021bi s\u0103 trimite\u021bi echipamentul la serviceul nostru ? E mai simplu dec\u00e2t v\u0103 imagina\u021bi! Completa\u021bi formularul de mai jos, iar noi v\u0103 vom trimite un curier pentru a ridica coletul de la loca\u021bia dvs! &nbsp; pentru a descrie serviciile dorite \u0219i a men\u021biona adresa de ridicare a coletului dup\u0103 repara\u021bia produselor, costul curierului va fi&hellip;<\/p>","protected":false},"author":3,"featured_media":0,"parent":0,"menu_order":0,"comment_status":"closed","ping_status":"closed","template":"","meta":{"footnotes":""},"_links":{"self":[{"href":"https:\/\/doctor-pc.ro\/ro_ro\/wp-json\/wp\/v2\/pages\/4429"}],"collection":[{"href":"https:\/\/doctor-pc.ro\/ro_ro\/wp-json\/wp\/v2\/pages"}],"about":[{"href":"https:\/\/doctor-pc.ro\/ro_ro\/wp-json\/wp\/v2\/types\/page"}],"author":[{"embeddable":true,"href":"https:\/\/doctor-pc.ro\/ro_ro\/wp-json\/wp\/v2\/users\/3"}],"replies":[{"embeddable":true,"href":"https:\/\/doctor-pc.ro\/ro_ro\/wp-json\/wp\/v2\/comments?post=4429"}],"version-history":[{"count":9,"href":"https:\/\/doctor-pc.ro\/ro_ro\/wp-json\/wp\/v2\/pages\/4429\/revisions"}],"predecessor-version":[{"id":4532,"href":"https:\/\/doctor-pc.ro\/ro_ro\/wp-json\/wp\/v2\/pages\/4429\/revisions\/4532"}],"wp:attachment":[{"href":"https:\/\/doctor-pc.ro\/ro_ro\/wp-json\/wp\/v2\/media?parent=4429"}],"curies":[{"name":"wp","href":"https:\/\/api.w.org\/{rel}","templated":true}]}}