{"id":4346,"date":"2023-02-17T15:31:46","date_gmt":"2023-02-17T15:31:46","guid":{"rendered":"https:\/\/doctor-pc.ro\/?page_id=4346"},"modified":"2023-08-17T10:32:08","modified_gmt":"2023-08-17T10:32:08","slug":"servicii-de-reparatii-si-intretinere-laptop-targu-mures","status":"publish","type":"page","link":"https:\/\/doctor-pc.ro\/ro_ro\/servicii-de-reparatii-si-intretinere-laptop-targu-mures\/","title":{"rendered":"Servicii de reparatii si intretinere laptop Targu Mures"},"content":{"rendered":"<p>Repararea unui laptop poate include o gam\u0103 larg\u0103 de activit\u0103\u021bi, de la diagnosticarea problemei \u0219i localizarea defectelor, la \u00eenlocuirea componentelor hardware \u0219i software sau reconfigurarea set\u0103rilor software-ului. Iat\u0103 c\u00e2teva dintre cele mai comune activit\u0103\u021bi care sunt necesare pentru a repara un laptop:<\/p>\n\n\n\n<ol><li>Diagnosticarea problemei: \u00cenainte de a putea efectua orice repara\u021bii, trebuie s\u0103 se determine ce probleme are laptopul. Aceasta poate include verificarea ecranului, a bateriei, a componentelor hardware, a cablurilor, a ventilatoarelor, a tastaturii \u0219i a altor componente. Aceasta poate implica \u0219i verificarea software-ului pentru a vedea dac\u0103 exist\u0103 erori sau conflicte de sistem.<\/li><li>\u00cenlocuirea ecranului: Dac\u0103 ecranul laptopului este spart sau defect, acesta trebuie \u00eenlocuit. Acest lucru poate implica dezlipirea vechiului ecran, instalarea noului ecran \u0219i conectarea cablului de afi\u0219are.<\/li><li>\u00cenlocuirea bateriei: Dac\u0103 bateria nu se \u00eencarc\u0103 sau nu men\u021bine \u00eenc\u0103rcarea, aceasta trebuie \u00eenlocuit\u0103. Aceasta poate implica deschiderea laptopului, \u00eendep\u0103rtarea bateriei vechi \u0219i instalarea unei baterii noi.<\/li><li>\u00cenlocuirea tastaturii: Dac\u0103 tastele de pe tastatur\u0103 nu func\u021bioneaz\u0103 sau sunt deteriorate, tastatura trebuie \u00eenlocuit\u0103. Acest lucru poate implica \u00eendep\u0103rtarea tastaturii vechi, instalarea noii tastaturi \u0219i conectarea acesteia la placa de baz\u0103.<\/li><li>\u00cenlocuirea componentelor hardware: Dac\u0103 o component\u0103 hardware, cum ar fi placa de baz\u0103, procesorul sau hard disk-ul, este defect\u0103, aceasta trebuie \u00eenlocuit\u0103. Aceasta poate implica dezlipirea componentei vechi, instalarea componentei noi \u0219i conectarea acesteia la restul sistemului.<\/li><li>Reinstalarea sistemului de operare: Dac\u0103 laptopul are erori de software sau virusi, este posibil s\u0103 fie necesar\u0103 o reinstalare a sistemului de operare. Aceasta poate implica crearea unui mediu de instalare, formatarea hard disk-ului, instalarea sistemului de operare \u0219i a driverelor necesare pentru componentele hardware.<\/li><\/ol>\n\n\n\n<p>\u00cen general, repararea unui laptop poate fi o activitate complex\u0103 \u0219i depinde de problemele specifice ale laptopului. Este recomandat s\u0103 apela\u021bi la un service specializat \u00een repara\u021bii laptop, care s\u0103 dispun\u0103 de cuno\u0219tin\u021bele \u0219i tehnicile necesare pentru a efectua repararea \u00een mod eficient \u0219i sigur.<\/p>\n\n\n\n<p><\/p>\n\n\n\n<p><\/p>","protected":false},"excerpt":{"rendered":"<p>Repararea unui laptop poate include o gam\u0103 larg\u0103 de activit\u0103\u021bi, de la diagnosticarea problemei \u0219i localizarea defectelor, la \u00eenlocuirea componentelor hardware \u0219i software sau reconfigurarea set\u0103rilor software-ului. Iat\u0103 c\u00e2teva dintre cele mai comune activit\u0103\u021bi care sunt necesare pentru a repara un laptop: Diagnosticarea problemei: \u00cenainte de a putea efectua orice repara\u021bii, trebuie s\u0103 se determine&hellip;<\/p>","protected":false},"author":3,"featured_media":0,"parent":0,"menu_order":0,"comment_status":"closed","ping_status":"closed","template":"","meta":{"footnotes":""},"_links":{"self":[{"href":"https:\/\/doctor-pc.ro\/ro_ro\/wp-json\/wp\/v2\/pages\/4346"}],"collection":[{"href":"https:\/\/doctor-pc.ro\/ro_ro\/wp-json\/wp\/v2\/pages"}],"about":[{"href":"https:\/\/doctor-pc.ro\/ro_ro\/wp-json\/wp\/v2\/types\/page"}],"author":[{"embeddable":true,"href":"https:\/\/doctor-pc.ro\/ro_ro\/wp-json\/wp\/v2\/users\/3"}],"replies":[{"embeddable":true,"href":"https:\/\/doctor-pc.ro\/ro_ro\/wp-json\/wp\/v2\/comments?post=4346"}],"version-history":[{"count":1,"href":"https:\/\/doctor-pc.ro\/ro_ro\/wp-json\/wp\/v2\/pages\/4346\/revisions"}],"predecessor-version":[{"id":4347,"href":"https:\/\/doctor-pc.ro\/ro_ro\/wp-json\/wp\/v2\/pages\/4346\/revisions\/4347"}],"wp:attachment":[{"href":"https:\/\/doctor-pc.ro\/ro_ro\/wp-json\/wp\/v2\/media?parent=4346"}],"curies":[{"name":"wp","href":"https:\/\/api.w.org\/{rel}","templated":true}]}}