{"id":4344,"date":"2023-02-17T15:28:20","date_gmt":"2023-02-17T15:28:20","guid":{"rendered":"https:\/\/doctor-pc.ro\/?page_id=4344"},"modified":"2023-08-17T10:12:51","modified_gmt":"2023-08-17T10:12:51","slug":"service-reparatii-electronice-targu-mures","status":"publish","type":"page","link":"https:\/\/doctor-pc.ro\/ro_ro\/service-reparatii-electronice-targu-mures\/","title":{"rendered":"Service Reparatii Electronice Targu Mures"},"content":{"rendered":"<p>Un service electronic este o afacere specializat\u0103 \u00een repararea \u0219i \u00eentre\u021binerea echipamentelor electronice. Acestea pot include, dar nu se limiteaz\u0103 la:<\/p>\n\n\n\n<ol><li>Repararea calculatoarelor: Acesta poate include diagnosticarea \u0219i rezolvarea problemelor de software \u0219i hardware, \u00eenlocuirea componentelor hardware defecte, \u00eembun\u0103t\u0103\u021birea performan\u021bei, instalarea \u0219i configurarea software-ului \u0219i multe altele.<\/li><li>Repararea telefoanelor mobile: Aceasta poate include \u00eenlocuirea ecranului, bateriei, cablului de \u00eenc\u0103rcare \u0219i a altor componente, rezolvarea problemelor de software, recuperarea datelor pierdute \u0219i multe altele.<\/li><li>Repararea tabletelor \u0219i laptopurilor: Aceasta poate include \u00eenlocuirea tastaturii, ecranului, bateriei \u0219i a altor componente hardware, cur\u0103\u021barea ventilatoarelor, rezolvarea problemelor de software \u0219i multe altele.<\/li><li>Repararea echipamentelor audio \u0219i video: Aceasta poate include repararea televizoarelor, sistemelor audio, sistemelor de cinema acas\u0103 \u0219i multe altele. Repara\u021biile pot include \u00eenlocuirea difuzoarelor, amplificatoarelor, pl\u0103cilor de baz\u0103 \u0219i multe altele.<\/li><li>Repararea consolelor de jocuri: Aceasta poate include repararea problemelor de hardware \u0219i software, \u00eenlocuirea controllerelor \u0219i a altor componente, configurarea set\u0103rilor de re\u021bea \u0219i multe altele.<\/li><\/ol>\n\n\n\n<p>\u00cen plus, un service electronic poate oferi \u0219i servicii de \u00eentre\u021binere \u0219i mentenan\u021b\u0103 preventiv\u0103 pentru a ajuta la prevenirea problemelor viitoare cu echipamentele electronice. Aceste servicii pot include cur\u0103\u021barea componentelor interne, actualizarea software-ului, verificarea componentelor hardware \u0219i multe altele.<\/p>\n\n\n\n<p>\u00cen general, un service electronic ofer\u0103 o gam\u0103 larg\u0103 de servicii pentru a ajuta la rezolvarea problemelor cu echipamentele electronice \u0219i la men\u021binerea acestora \u00een stare de func\u021bionare optim\u0103.<\/p>","protected":false},"excerpt":{"rendered":"<p>Un service electronic este o afacere specializat\u0103 \u00een repararea \u0219i \u00eentre\u021binerea echipamentelor electronice. Acestea pot include, dar nu se limiteaz\u0103 la: Repararea calculatoarelor: Acesta poate include diagnosticarea \u0219i rezolvarea problemelor de software \u0219i hardware, \u00eenlocuirea componentelor hardware defecte, \u00eembun\u0103t\u0103\u021birea performan\u021bei, instalarea \u0219i configurarea software-ului \u0219i multe altele. Repararea telefoanelor mobile: Aceasta poate include \u00eenlocuirea ecranului,&hellip;<\/p>","protected":false},"author":3,"featured_media":0,"parent":0,"menu_order":0,"comment_status":"closed","ping_status":"closed","template":"","meta":{"footnotes":""},"_links":{"self":[{"href":"https:\/\/doctor-pc.ro\/ro_ro\/wp-json\/wp\/v2\/pages\/4344"}],"collection":[{"href":"https:\/\/doctor-pc.ro\/ro_ro\/wp-json\/wp\/v2\/pages"}],"about":[{"href":"https:\/\/doctor-pc.ro\/ro_ro\/wp-json\/wp\/v2\/types\/page"}],"author":[{"embeddable":true,"href":"https:\/\/doctor-pc.ro\/ro_ro\/wp-json\/wp\/v2\/users\/3"}],"replies":[{"embeddable":true,"href":"https:\/\/doctor-pc.ro\/ro_ro\/wp-json\/wp\/v2\/comments?post=4344"}],"version-history":[{"count":2,"href":"https:\/\/doctor-pc.ro\/ro_ro\/wp-json\/wp\/v2\/pages\/4344\/revisions"}],"predecessor-version":[{"id":4494,"href":"https:\/\/doctor-pc.ro\/ro_ro\/wp-json\/wp\/v2\/pages\/4344\/revisions\/4494"}],"wp:attachment":[{"href":"https:\/\/doctor-pc.ro\/ro_ro\/wp-json\/wp\/v2\/media?parent=4344"}],"curies":[{"name":"wp","href":"https:\/\/api.w.org\/{rel}","templated":true}]}}