{"id":4342,"date":"2023-02-17T15:27:16","date_gmt":"2023-02-17T15:27:16","guid":{"rendered":"https:\/\/doctor-pc.ro\/?page_id=4342"},"modified":"2023-08-17T10:18:18","modified_gmt":"2023-08-17T10:18:18","slug":"instalare-windows-8-8-1-10-11","status":"publish","type":"page","link":"https:\/\/doctor-pc.ro\/ro_ro\/instalare-windows-8-8-1-10-11\/","title":{"rendered":"Instalare Windows 8 \/ 8.1 \/ 10 \/ 11"},"content":{"rendered":"<p>Exist\u0103 mai multe motive importante pentru a instala o nou\u0103 copie a sistemului de operare Windows pe un computer:<\/p>\n\n\n\n<ol><li>Performan\u021b\u0103 \u00eembun\u0103t\u0103\u021bit\u0103: Cu trecerea timpului, instalarea veche a Windows-ului se poate umple cu fi\u0219iere temporare, aplica\u021bii care ruleaz\u0103 \u00een fundal \u0219i alte lucruri care \u00eencetinesc performan\u021ba sistemului. Instalarea unei noi copii de Windows poate cur\u0103\u021ba \u0219i optimiza sistemul, ceea ce poate duce la o \u00eembun\u0103t\u0103\u021bire semnificativ\u0103 a vitezei \u0219i a performan\u021bei.<\/li><li>Rezolvarea problemelor: Dac\u0103 \u00eent\u00e2mpina\u021bi probleme frecvente cu computerul, cum ar fi erori de sistem, programe care se blocheaz\u0103 sau probleme de securitate, o instalare nou\u0103 a Windows-ului poate ajuta la rezolvarea acestor probleme. Aceasta poate fi, de asemenea, o modalitate eficient\u0103 de a elimina viru\u0219ii sau malware-ul care nu au putut fi \u00eendep\u0103rta\u021bi prin alte mijloace.<\/li><li>Actualizare la versiunea cea mai recent\u0103 a Windows-ului: Instalarea unei noi copii de Windows poate fi o oportunitate de a actualiza la cea mai recent\u0103 versiune a sistemului de operare, care poate include noi func\u021bii \u0219i caracteristici, dar \u0219i actualiz\u0103ri de securitate importante.<\/li><li>Eliminarea erorilor de sistem: Dac\u0103 sistemul dumneavoastr\u0103 de operare Windows a suferit daune semnificative sau erori, este posibil ca aceste probleme s\u0103 nu poat\u0103 fi remediate f\u0103r\u0103 o reinstalare complet\u0103 a sistemului de operare. Instalarea unei noi copii de Windows poate fi singura op\u021biune de a rezolva aceste probleme.<\/li><\/ol>\n\n\n\n<p>\u00cen concluzie, instalarea unei noi copii a sistemului de operare Windows poate fi o modalitate eficient\u0103 de a \u00eembun\u0103t\u0103\u021bi performan\u021ba, de a rezolva problemele \u0219i de a asigura c\u0103 ave\u021bi ultima versiune a sistemului de operare cu cele mai recente actualiz\u0103ri de securitate.<\/p>","protected":false},"excerpt":{"rendered":"<p>Exist\u0103 mai multe motive importante pentru a instala o nou\u0103 copie a sistemului de operare Windows pe un computer: Performan\u021b\u0103 \u00eembun\u0103t\u0103\u021bit\u0103: Cu trecerea timpului, instalarea veche a Windows-ului se poate umple cu fi\u0219iere temporare, aplica\u021bii care ruleaz\u0103 \u00een fundal \u0219i alte lucruri care \u00eencetinesc performan\u021ba sistemului. Instalarea unei noi copii de Windows poate cur\u0103\u021ba \u0219i&hellip;<\/p>","protected":false},"author":3,"featured_media":0,"parent":0,"menu_order":0,"comment_status":"closed","ping_status":"closed","template":"","meta":{"footnotes":""},"_links":{"self":[{"href":"https:\/\/doctor-pc.ro\/ro_ro\/wp-json\/wp\/v2\/pages\/4342"}],"collection":[{"href":"https:\/\/doctor-pc.ro\/ro_ro\/wp-json\/wp\/v2\/pages"}],"about":[{"href":"https:\/\/doctor-pc.ro\/ro_ro\/wp-json\/wp\/v2\/types\/page"}],"author":[{"embeddable":true,"href":"https:\/\/doctor-pc.ro\/ro_ro\/wp-json\/wp\/v2\/users\/3"}],"replies":[{"embeddable":true,"href":"https:\/\/doctor-pc.ro\/ro_ro\/wp-json\/wp\/v2\/comments?post=4342"}],"version-history":[{"count":2,"href":"https:\/\/doctor-pc.ro\/ro_ro\/wp-json\/wp\/v2\/pages\/4342\/revisions"}],"predecessor-version":[{"id":4495,"href":"https:\/\/doctor-pc.ro\/ro_ro\/wp-json\/wp\/v2\/pages\/4342\/revisions\/4495"}],"wp:attachment":[{"href":"https:\/\/doctor-pc.ro\/ro_ro\/wp-json\/wp\/v2\/media?parent=4342"}],"curies":[{"name":"wp","href":"https:\/\/api.w.org\/{rel}","templated":true}]}}