{"id":4153,"date":"2022-10-11T13:27:31","date_gmt":"2022-10-11T13:27:31","guid":{"rendered":"https:\/\/doctor-pc.ro\/?page_id=4153"},"modified":"2022-10-11T16:28:16","modified_gmt":"2022-10-11T16:28:16","slug":"diagnostic-componente","status":"publish","type":"page","link":"https:\/\/doctor-pc.ro\/ro_ro\/services\/diagnostic-componente\/","title":{"rendered":"Diagnostic Componente calculator laptop"},"content":{"rendered":"<div class=\"vc_row wpb_row vc_row-fluid vc_custom_1575390546273 vc_row-o-content-middle vc_row-flex\"><div class=\"wpb_column vc_column_container vc_col-sm-12\"><div class=\"vc_column-inner\"><div class=\"wpb_wrapper\"><div class=\"vc_row wpb_row vc_inner vc_row-fluid phone-reverse-col vc_row-o-equal-height vc_row-o-content-middle vc_row-flex\"><div class=\"wpb_column vc_column_container vc_col-sm-6\"><div class=\"vc_column-inner vc_custom_1575390506246\"><div class=\"wpb_wrapper\"><div id=\"ultimate-heading-996569f4073411701\" class=\"uvc-heading ult-adjust-bottom-margin ultimate-heading-996569f4073411701 uvc-2362  uvc-heading-default-font-sizes\" data-hspacer=\"no_spacer\"  data-halign=\"left\" style=\"text-align:left\"><div class=\"uvc-heading-spacer no_spacer\" style=\"top\"><\/div><div class=\"uvc-main-heading ult-responsive\"  data-ultimate-target='.uvc-heading.ultimate-heading-996569f4073411701 h3'  data-responsive-json-new='{\"font-size\":\"\",\"line-height\":\"\"}' ><h3 style=\"font-weight:bold;color:#a21d21;margin-bottom:20px;\">Diagnosticare laptop, calculator, imprimant\u0103<\/h3><\/div><div class=\"uvc-sub-heading ult-responsive\"  data-ultimate-target='.uvc-heading.ultimate-heading-996569f4073411701 .uvc-sub-heading '  data-responsive-json-new='{\"font-size\":\"desktop:34px;\",\"line-height\":\"desktop:44px;\"}'  style=\"font-weight:bold;color:#222222;margin-bottom:30px;\">Aduce\u021bi-l la noi, alege\u021bi serviciul nostru de diagnosticare a componentelor PC, unul dintre speciali\u0219tii Doctor PC, cu o experien\u021b\u0103 de peste 10 ani \u00een IT&amp;C.<\/div><\/div>\n\t<div class=\"wpb_text_column wpb_content_element\" >\n\t\t<div class=\"wpb_wrapper\">\n\t\t\t<p>Suspecta\u021bi c\u0103 o component\u0103 este cauza pentru care sistemul dumneavoastr\u0103 nu func\u021bioneaz\u0103 \u00een mod optim, dar nu sunte\u021bi sigur?<\/p>\n<p>Aduce\u021bi-o la noi, alege\u021bi serviciul nostru de diagnosticare a componentelor PC \u0219i unul dintre speciali\u0219tii Doctor PC, cu peste 10 ani de experien\u021b\u0103 \u00een diagnosticarea sistemelor IT, o va testa.<\/p>\n<p>Daca te intereseaz\u0103 mai multe informa\u021bii ne po\u021bi contacta la num\u0103rul: <a href=\"tel: 40 770 767 226\">+40 770 767 226<br \/>\n<\/a><\/p>\n\n\t\t<\/div>\n\t<\/div>\n<\/div><\/div><\/div><div class=\"wpb_column vc_column_container vc_col-sm-6 vc_col-has-fill\"><div class=\"vc_column-inner vc_custom_1665501578731\"><div class=\"wpb_wrapper\"><\/div><\/div><\/div><\/div><\/div><\/div><\/div><\/div><div class=\"vc_row wpb_row vc_row-fluid\"><div class=\"wpb_column vc_column_container vc_col-sm-12\"><div class=\"vc_column-inner vc_custom_1665495285114\"><div class=\"wpb_wrapper\"><div class=\"vc_row wpb_row vc_inner vc_row-fluid\"><div class=\"wpb_column vc_column_container vc_col-sm-6 vc_col-lg-offset-3\"><div class=\"vc_column-inner\"><div class=\"wpb_wrapper\">\n\t<div class=\"wpb_raw_code wpb_content_element wpb_raw_html\" >\n\t\t<div class=\"wpb_wrapper\">\n\t\t\t<div data-vc-full-width=\"true\" data-vc-full-width-init=\"true\" class=\"vc_row wpb_row vc_row-fluid vc_custom_1575459871429 vc_row-has-fill vc_row-o-content-middle vc_row-flex\" style=\"left: -667px; position: relative; box-sizing: border-box; width: 2543px; padding-left: 667px; padding-right: 666px;\"><div class=\"wpb_column vc_column_container vc_col-sm-12 vc_col-lg-4 vc_col-md-12\"><div class=\"vc_column-inner vc_custom_1575378589868\"><div class=\"wpb_wrapper\"><div id=\"ultimate-heading-52906345982cea075\" class=\"uvc-heading ult-adjust-bottom-margin ultimate-heading-52906345982cea075 uvc-5709  uvc-heading-default-font-sizes\" data-hspacer=\"no_spacer\" data-halign=\"center\" style=\"text-align:center\"><div class=\"uvc-heading-spacer no_spacer\" style=\"top\"><\/div><div class=\"uvc-main-heading ult-responsive\" data-ultimate-target=\".uvc-heading.ultimate-heading-52906345982cea075 h2\" data-responsive-json-new=\"{&quot;font-size&quot;:&quot;&quot;,&quot;line-height&quot;:&quot;&quot;}\"><h2 style=\"font-weight:bold;margin-bottom:0px;\">Te ajutam cu digitalizarea!<\/h2><\/div><\/div><\/div><\/div><\/div><div class=\"wpb_column vc_column_container vc_col-sm-12 vc_col-lg-4 vc_col-md-12\"><div class=\"vc_column-inner vc_custom_1575378595138\"><div class=\"wpb_wrapper\"><div id=\"ultimate-heading-72146345982cea308\" class=\"uvc-heading ult-adjust-bottom-margin ultimate-heading-72146345982cea308 uvc-8123\" data-hspacer=\"no_spacer\" data-halign=\"center\" style=\"text-align:center\"><div class=\"uvc-heading-spacer no_spacer\" style=\"top\"><\/div><div class=\"uvc-main-heading ult-responsive\" data-ultimate-target=\".uvc-heading.ultimate-heading-72146345982cea308 h2\" data-responsive-json-new=\"{&quot;font-size&quot;:&quot;desktop:24px;&quot;,&quot;line-height&quot;:&quot;desktop:34px;&quot;}\"><h2 style=\"font-weight:bold;\">+40 770 767 226<\/h2><\/div><div class=\"uvc-sub-heading ult-responsive\" data-ultimate-target=\".uvc-heading.ultimate-heading-72146345982cea308 .uvc-sub-heading \" data-responsive-json-new=\"{&quot;font-size&quot;:&quot;desktop:20px;&quot;,&quot;line-height&quot;:&quot;desktop:30px;&quot;}\" style=\"font-weight:normal;color:#a21d21;\">office@doctor-pc.ro<\/div><\/div><\/div><\/div><\/div><div class=\"wpb_column vc_column_container vc_col-sm-12 vc_col-lg-4 vc_col-md-12 vc_col-xs-12\"><div class=\"vc_column-inner vc_custom_1575378844390\"><div class=\"wpb_wrapper\"><style type=\"text\/css\" data-type=\"the7_shortcodes-inline-css\">#default-btn-187b6d00a3372e34c0a84047100a0b99 {\n  border-radius: 100px;\n  font-size: 16px;\n  line-height: 18px;\n}\n.btn-shadow#default-btn-187b6d00a3372e34c0a84047100a0b99 {\n  box-shadow: 0 1px 6px rgba(0,0,0,0.12);\n  transition: box-shadow 0.2s ease-out, opacity 0.45s;\n}\n.btn-shadow#default-btn-187b6d00a3372e34c0a84047100a0b99:hover {\n  box-shadow: 0 5px 11px 0 rgba(0,0,0,0.18), 0 4px 15px 0 rgba(0,0,0,0.15);\n}\n.btn-flat#default-btn-187b6d00a3372e34c0a84047100a0b99 {\n  box-shadow: none;\n}\n.btn-flat#default-btn-187b6d00a3372e34c0a84047100a0b99:hover {\n  box-shadow: none;\n}\n#default-btn-187b6d00a3372e34c0a84047100a0b99.ico-right-side > i {\n  margin-right: 0px;\n  margin-left: 8px;\n}\n#default-btn-187b6d00a3372e34c0a84047100a0b99 > i {\n  margin-right: 8px;\n  font-size: 16px;\n}\n#default-btn-187b6d00a3372e34c0a84047100a0b99:not(:hover) {\n  border-width: 0px;\n  color: #ffffff;\n  padding: 19px 13px 19px 13px;\n}\n#default-btn-187b6d00a3372e34c0a84047100a0b99:not(:hover) * {\n  color: #ffffff;\n}\n#default-btn-187b6d00a3372e34c0a84047100a0b99:hover {\n  border-width: 0px;\n  color: #ffffff;\n  padding: 19px 13px 19px 13px;\n}\n#default-btn-187b6d00a3372e34c0a84047100a0b99:hover * {\n  color: #ffffff;\n}\n#default-btn-187b6d00a3372e34c0a84047100a0b99.ico-right-side > i {\n  margin-right: 0px;\n  margin-left: 8px;\n}\n#default-btn-187b6d00a3372e34c0a84047100a0b99 > i {\n  margin-right: 8px;\n}\n<\/style><div class=\"btn-align-center\"><a href=\"https:\/\/doctor-pc.ro\/ro_ro\/contact\/\" class=\"default-btn-shortcode dt-btn link-hover-off ico-right-side btn-flat\" id=\"default-btn-187b6d00a3372e34c0a84047100a0b99\" style=\"width:240px;\"><span>Mai multe informa\u021bii<\/span><i class=\"icomoon-the7-font-the7-mail-01\"><\/i><\/a><\/div><\/div><\/div><\/div><\/div>\n\t\t<\/div>\n\t<\/div>\n<\/div><\/div><\/div><\/div><div class=\"vc_row wpb_row vc_inner vc_row-fluid\"><div class=\"wpb_column vc_column_container vc_col-sm-6 vc_col-lg-offset-3\"><div class=\"vc_column-inner\"><div class=\"wpb_wrapper\">\n\t<div class=\"wpb_text_column wpb_content_element\" >\n\t\t<div class=\"wpb_wrapper\">\n\t\t\t<h2 style=\"text-align: center;\">Contacteaz\u0103 Doctor PC<\/h2>\n\n\t\t<\/div>\n\t<\/div>\n<div role=\"form\" class=\"wpcf7\" id=\"wpcf7-f4156-o1\" lang=\"en-US\" dir=\"ltr\">\n<div class=\"screen-reader-response\"><p role=\"status\" aria-live=\"polite\" aria-atomic=\"true\"><\/p> <ul><\/ul><\/div>\n<form action=\"\/ro_ro\/wp-json\/wp\/v2\/pages\/4153#wpcf7-f4156-o1\" method=\"post\" class=\"wpcf7-form init\" novalidate=\"novalidate\" data-status=\"init\" data-trp-original-action=\"\/ro_ro\/wp-json\/wp\/v2\/pages\/4153#wpcf7-f4156-o1\">\n<div style=\"display: none;\">\n<input type=\"hidden\" name=\"_wpcf7\" value=\"4156\" \/>\n<input type=\"hidden\" name=\"_wpcf7_version\" value=\"5.6.3\" \/>\n<input type=\"hidden\" name=\"_wpcf7_locale\" value=\"en_US\" \/>\n<input type=\"hidden\" name=\"_wpcf7_unit_tag\" value=\"wpcf7-f4156-o1\" \/>\n<input type=\"hidden\" name=\"_wpcf7_container_post\" value=\"0\" \/>\n<input type=\"hidden\" name=\"_wpcf7_posted_data_hash\" value=\"\" \/>\n<input type=\"hidden\" name=\"_wpcf7_recaptcha_response\" value=\"\" \/>\n<\/div>\n<p><label> Nume<br \/>\n    <span class=\"wpcf7-form-control-wrap\" data-name=\"your-name\"><input type=\"text\" name=\"your-name\" value=\"\" size=\"40\" class=\"wpcf7-form-control wpcf7-text wpcf7-validates-as-required\" aria-required=\"true\" aria-invalid=\"false\" \/><\/span><br \/>\n <\/label><\/p>\n<p><label> Email<br \/>\n    <span class=\"wpcf7-form-control-wrap\" data-name=\"your-email\"><input type=\"email\" name=\"your-email\" value=\"\" size=\"40\" class=\"wpcf7-form-control wpcf7-text wpcf7-email wpcf7-validates-as-required wpcf7-validates-as-email\" aria-required=\"true\" aria-invalid=\"false\" \/><\/span> <\/label><\/p>\n<p><label> Telefon<br \/>\n    <span class=\"wpcf7-form-control-wrap\" data-name=\"your-numar-telefon\"><input type=\"text\" name=\"your-numar-telefon\" value=\"\" size=\"40\" class=\"wpcf7-form-control wpcf7-text wpcf7-validates-as-required\" aria-required=\"true\" aria-invalid=\"false\" \/><\/span> <\/label><\/p>\n<p><label> Jude\u021b<br \/>\n<span class=\"wpcf7-form-control-wrap\" data-name=\"dropdown-judet-romania\"><select name=\"dropdown-judet-romania\" class=\"wpcf7-form-control wpcf7-select\" aria-invalid=\"false\"><option value=\"Bucuresti\">Bucuresti<\/option><option value=\"Alba\">Alba<\/option><option value=\"Arad\">Arad<\/option><option value=\"Arges\">Arges<\/option><option value=\"Bacau\">Bacau<\/option><option value=\"Bihor\">Bihor<\/option><option value=\"Bistrita - Nasaud\">Bistrita - Nasaud<\/option><option value=\"Botosani\">Botosani<\/option><option value=\"Braila\">Braila<\/option><option value=\"Brasov\">Brasov<\/option><option value=\"Buzau\">Buzau<\/option><option value=\"Calarasi\">Calarasi<\/option><option value=\"Caras - Severin\">Caras - Severin<\/option><option value=\"Cluj\">Cluj<\/option><option value=\"Constanta\">Constanta<\/option><option value=\"Covasna\">Covasna<\/option><option value=\"Dambovita\">Dambovita<\/option><option value=\"Dolj\">Dolj<\/option><option value=\"Galati\">Galati<\/option><option value=\"Giurgiu\">Giurgiu<\/option><option value=\"Gorj\">Gorj<\/option><option value=\"Harghita\">Harghita<\/option><option value=\"Hunedoara\">Hunedoara<\/option><option value=\"Ialomita\">Ialomita<\/option><option value=\"Iasi\">Iasi<\/option><option value=\"Ilfov\">Ilfov<\/option><option value=\"Maramures\">Maramures<\/option><option value=\"Mehedinti\">Mehedinti<\/option><option value=\"Mures\">Mures<\/option><option value=\"Neamt\">Neamt<\/option><option value=\"Olt\">Olt<\/option><option value=\"Prahova\">Prahova<\/option><option value=\"Salaj\">Salaj<\/option><option value=\"Satu Mare\">Satu Mare<\/option><option value=\"Sibiu\">Sibiu<\/option><option value=\"Suceava\">Suceava<\/option><option value=\"Teleorman\">Teleorman<\/option><option value=\"Timis\">Timis<\/option><option value=\"Tulcea\">Tulcea<\/option><option value=\"Valcea\">Valcea<\/option><option value=\"Vaslui\">Vaslui<\/option><option value=\"Vrancea\">Vrancea<\/option><\/select><\/span><\/label><\/p>\n<p><label> Adresa de ridicare ( Ora\u0219ul \u0219i adresa dvs. )<br \/>\n<span class=\"wpcf7-form-control-wrap\" data-name=\"text-adresa-de-ridicare\"><input type=\"text\" name=\"text-adresa-de-ridicare\" value=\"\" size=\"40\" class=\"wpcf7-form-control wpcf7-text\" aria-invalid=\"false\" \/><\/span><\/label><\/p>\n<p><label> Tipul de serviciu dorit<br \/>\n<span class=\"wpcf7-form-control-wrap\" data-name=\"tip-serviciu-solicitat\"><select name=\"tip-serviciu-solicitat\" class=\"wpcf7-form-control wpcf7-select wpcf7-validates-as-required\" aria-required=\"true\" aria-invalid=\"false\"><option value=\"Service Laptop\">Service Laptop<\/option><option value=\"Service Calculator\">Service Calculator<\/option><option value=\"Service Telefon\">Service Telefon<\/option><option value=\"Service Imprimant\u0103\">Service Imprimant\u0103<\/option><option value=\"Alt tip de service\">Alt tip de service<\/option><\/select><\/span><\/label><\/p>\n<p><label> Observa\u021bii<br \/>\n<span class=\"wpcf7-form-control-wrap\" data-name=\"observatii-client\"><textarea name=\"observatii-client\" cols=\"40\" rows=\"10\" class=\"wpcf7-form-control wpcf7-textarea\" aria-invalid=\"false\"><\/textarea><\/span><\/label><\/p>\n<p><label> Accept termenii \u0219i condi\u021biile de intrare \u00een service:<br \/>\n<span class=\"wpcf7-form-control-wrap\" data-name=\"termeni-si-conditii\"><span class=\"wpcf7-form-control wpcf7-radio\"><span class=\"wpcf7-list-item first last\"><label><span class=\"wpcf7-list-item-label\">Da<\/span><input type=\"radio\" name=\"termeni-si-conditii\" value=\"Da\" checked=\"checked\" \/><\/label><\/span><\/span><\/span><\/label><\/p>\n<p><br><\/p>\n<p><span class=\"wpcf7-form-control-wrap\" data-name=\"quiz-848\"><label><span class=\"wpcf7-quiz-label\">5+12?<\/span> <input type=\"text\" name=\"quiz-848\" size=\"40\" class=\"wpcf7-form-control wpcf7-quiz\" autocomplete=\"off\" aria-required=\"true\" aria-invalid=\"false\" \/><\/label><input type=\"hidden\" name=\"_wpcf7_quiz_answer_quiz-848\" value=\"44b1f06b222e5173331a2ee883fd3e95\" \/><\/span><\/p>\n<p><input type=\"submit\" value=\"Trimite solicitarea\" class=\"wpcf7-form-control has-spinner wpcf7-submit\" \/><\/p>\n<p style=\"display: none !important;\"><label>&#916;<textarea name=\"_wpcf7_ak_hp_textarea\" cols=\"45\" rows=\"8\" maxlength=\"100\"><\/textarea><\/label><input type=\"hidden\" id=\"ak_js_1\" name=\"_wpcf7_ak_js\" value=\"4\"\/><script>document.getElementById( \"ak_js_1\" ).setAttribute( \"value\", ( new Date() ).getTime() );<\/script><\/p><div class=\"wpcf7-response-output\" aria-hidden=\"true\"><\/div><input type=\"hidden\" name=\"trp-form-language\" value=\"ro_ro\"\/><\/form><\/div><\/div><\/div><\/div><\/div><\/div><\/div><\/div><\/div><div class=\"vc_row wpb_row vc_row-fluid\"><div class=\"wpb_column vc_column_container vc_col-sm-12\"><div class=\"vc_column-inner\"><div class=\"wpb_wrapper\"><div class=\"wpb_gmaps_widget wpb_content_element\"><div class=\"wpb_wrapper\"><div class=\"wpb_map_wraper\"><iframe src=\"https:\/\/www.google.com\/maps\/embed?pb=!1m14!1m8!1m3!1d10978.751078849726!2d24.586384!3d46.53408!3m2!1i1024!2i768!4f13.1!3m3!1m2!1s0x0%3A0x9e761f7ed44f7ad0!2sDoctor%20PC%20-%20T%C3%A2rgu%20Mure%C8%99!5e0!3m2!1sen!2sro!4v1665505586745!5m2!1sen!2sro\" width=\"600\" height=\"450\" style=\"border:0;\" allowfullscreen=\"\" loading=\"lazy\" referrerpolicy=\"no-referrer-when-downgrade\"><\/iframe><\/div><\/div><\/div><\/div><\/div><\/div><\/div>","protected":false},"excerpt":{"rendered":"<p>Diagnosticare laptop, calculator, imprimant\u0103Aduce\u021bi-l la noi, alege\u021bi serviciul nostru de diagnosticare a componentelor PC, unul dintre speciali\u0219tii Doctor PC, cu o experien\u021b\u0103 de peste 10 ani \u00een IT&amp;C. Suspecta\u021bi c\u0103 o component\u0103 este cauza pentru care sistemul dumneavoastr\u0103 nu func\u021bioneaz\u0103 \u00een mod optim, dar nu sunte\u021bi sigur? Aduce\u021bi-o la noi, alege\u021bi serviciul nostru de diagnosticare&hellip;<\/p>","protected":false},"author":3,"featured_media":4163,"parent":1483,"menu_order":60,"comment_status":"closed","ping_status":"closed","template":"","meta":{"footnotes":""},"_links":{"self":[{"href":"https:\/\/doctor-pc.ro\/ro_ro\/wp-json\/wp\/v2\/pages\/4153"}],"collection":[{"href":"https:\/\/doctor-pc.ro\/ro_ro\/wp-json\/wp\/v2\/pages"}],"about":[{"href":"https:\/\/doctor-pc.ro\/ro_ro\/wp-json\/wp\/v2\/types\/page"}],"author":[{"embeddable":true,"href":"https:\/\/doctor-pc.ro\/ro_ro\/wp-json\/wp\/v2\/users\/3"}],"replies":[{"embeddable":true,"href":"https:\/\/doctor-pc.ro\/ro_ro\/wp-json\/wp\/v2\/comments?post=4153"}],"version-history":[{"count":23,"href":"https:\/\/doctor-pc.ro\/ro_ro\/wp-json\/wp\/v2\/pages\/4153\/revisions"}],"predecessor-version":[{"id":4178,"href":"https:\/\/doctor-pc.ro\/ro_ro\/wp-json\/wp\/v2\/pages\/4153\/revisions\/4178"}],"up":[{"embeddable":true,"href":"https:\/\/doctor-pc.ro\/ro_ro\/wp-json\/wp\/v2\/pages\/1483"}],"wp:featuredmedia":[{"embeddable":true,"href":"https:\/\/doctor-pc.ro\/ro_ro\/wp-json\/wp\/v2\/media\/4163"}],"wp:attachment":[{"href":"https:\/\/doctor-pc.ro\/ro_ro\/wp-json\/wp\/v2\/media?parent=4153"}],"curies":[{"name":"wp","href":"https:\/\/api.w.org\/{rel}","templated":true}]}}