{"id":4142,"date":"2022-09-26T07:30:56","date_gmt":"2022-09-26T07:30:56","guid":{"rendered":"https:\/\/doctor-pc.ro\/?page_id=4142"},"modified":"2022-12-06T13:48:29","modified_gmt":"2022-12-06T13:48:29","slug":"termeni-si-conditii-intrare-in-service","status":"publish","type":"page","link":"https:\/\/doctor-pc.ro\/ro_ro\/termeni-si-conditii-intrare-in-service\/","title":{"rendered":"Termeni si conditii intrare in service"},"content":{"rendered":"<div class=\"vc_row wpb_row vc_row-fluid\"><div class=\"wpb_column vc_column_container vc_col-sm-12\"><div class=\"vc_column-inner\"><div class=\"wpb_wrapper\">\n\t<div class=\"wpb_text_column wpb_content_element\" >\n\t\t<div class=\"wpb_wrapper\">\n\t\t\t<h4><span style=\"font-weight: 400;\">In cazul in care <strong>nu se repara la noi<\/strong>, constatarea costa:<\/span><\/h4>\n<ul>\n<li><span style=\"font-weight: 400;\">40 RON pentru laptopuri<\/span><\/li>\n<li><span style=\"font-weight: 400;\">40 RON pentru calculatoare<\/span><\/li>\n<li><span style=\"font-weight: 400;\">40 RON pentru telefoane<\/span><\/li>\n<li><span style=\"font-weight: 400;\">50 RON pentru televizoare<\/span><\/li>\n<\/ul>\n<p>&nbsp;<\/p>\n<h4><span style=\"font-weight: 400;\">Va rugam sa cititi cu atentie conditiile acestui proces verbal pentru a evita orice tip de neintelegere. <\/span><\/h4>\n<p><span style=\"font-weight: 400;\">Oferim <strong>3 luni de garantie<\/strong> pentru reparatia efectuata.<\/span><\/p>\n<p><span style=\"font-weight: 400;\">1. DOCTOR PC DIGITAL SOLUTIONS SRL nu isi asuma nici un fel de responsabilitate daca in urma procesului de reparatie produsul intrat in service manifesta si alte defecte decat acelea pentru care a fost solicitata reparatia.<\/span><\/p>\n<p>2. Atat in cazul operatiunilor de programare software, decodare, jailbreak, root cat si in cazul operatiunilor hardware (inlocuire lcd, mufa de alimentare, acumulator, etc) SE POT PIERDE DATELE PERSONALE (agenda telefonica, poze, video, aplicatii etc).<\/p>\n<p>3. Timpii de lucru declarati de tehnicienii nostrii pot fi modificati semnificativ daca in urma verificarii, produsul prezinta si alte defectiuni decat cele declarate.<\/p>\n<p><span style=\"font-weight: 400;\">4. Daca produsul dumneavoastra beneficiaza de garantie de la operator sau garantie de la producator, in momentul interventiei tehnicienilor nostrii asupra produsului SE PIERDE GARANTIA initiala!<\/span><\/p>\n<p><span style=\"font-weight: 400;\">5. Daca produsul lasat in service face obiectul unei cercetari a Organelor de Control, acestia au dreptul sa il ridice din unitatea noastra de service: in aceste conditii DOCTOR PC DIGITAL SRL nu are nici un fel de obligatie fata de dumneavoastra, nici financiara nici materiala.<\/span><\/p>\n<p><span style=\"font-weight: 400;\">6. Produsul lasat in service se ridica numai cu FISA DE INTRARE IN SERVICE!<\/span><\/p>\n<p><span style=\"font-weight: 400;\">7. Nu raspundem pentru huse, foliile de sticle, SIMcard-urile si Memorycard-urile lasate in telefon, tableta, laptop pe perioada reparatiei si nici in perioada depozitarii produselor.<\/span><\/p>\n<p><span style=\"font-weight: 400;\">8. Aveti obligatia de a ridica produsul din service in maxim 15 zile lucratoare de la data intocmirii acestui deviz de service. Prin depasirea acestui termen va obligati sa platiti o taxa de depozitare de 15 lei\/zi. Produsele neridicate in termen de 90 de zile de la data intrarii in service se considera abanadonate si vor fi valorificate sau casate pentru recuperarea prejudiciului fara instiintarea a clientului.<\/span><\/p>\n<p><span style=\"font-weight: 400;\">9. Datele cu caracter personal vor fi folosite in campanii de instiintare asupra statusului de reparatie a produsului si in diverse campanii de marketing pe care DOCTOR PC DIGITAL SOLUTIONS SRL le desfasoara.<\/span><\/p>\n<p><span style=\"font-weight: 400;\">10. Sunteti de acord ca produsul sa fie desfacut in lipsa dvs iar componentele inlocuite sa fie aruncate sau reciclate.<\/span><\/p>\n<p>&nbsp;<\/p>\n<p>Prin semnarea acestui proces verbal \/ a FISEI INTRARE IN SERVICE declarati ca ati luat la cunostinta si sunteti de acord cu toate conditiile impuse de DOCTOR PC DIGITAL SOLUTIONS SRL.<\/p>\n<p>&nbsp;<\/p>\n<p>&nbsp;<\/p>\n<p>&nbsp;<\/p>\n\n\t\t<\/div>\n\t<\/div>\n<\/div><\/div><\/div><\/div><div class=\"vc_row wpb_row vc_row-fluid\"><div class=\"wpb_column vc_column_container vc_col-sm-12\"><div class=\"vc_column-inner\"><div class=\"wpb_wrapper\">\n\t<div class=\"wpb_text_column wpb_content_element\" >\n\t\t<div class=\"wpb_wrapper\">\n\t\t\t<p><strong>\u00a0Acord GDPR<\/strong><\/p>\n<p>&nbsp;<\/p>\n<p><span style=\"font-weight: 400;\">\u00a01. Conform cerintelor Legii nr. 677\/2001 cu privire la prelucrarea datelor cu caracter personal \u015fi libera circulatie a acestor date, modificat\u0103 \u0219i completat\u0103, DOCTOR PC DIGITAL SOLUTIONS SRL are obligatia de a administra in conditii de siguran\u0163\u0103 \u015fi numai pentru scopurile specificate, datele personale care sunt furnizate.<\/span><\/p>\n<p>2. Scopul colect\u0103rii datelor este:<\/p>\n<ol>\n<li><span style=\"font-weight: 400;\">\u00a0informarea clien\u0163ilor privind situatia echipamentului lor inclusiv validarea, expedierea \u015fi facturarea comenzilor, rezolvarea anul\u0103rilor sau a problemelor de orice natur\u0103 referitoare la o Comanda, la Bunurile si sau serviciile achizitionate;<\/span><\/li>\n<li><span style=\"font-weight: 400;\">Trimiterea de Newslettere sau alerte periodice, prin folosirea postel electronice (e-mail, SMS);\u00a0<\/span><\/li>\n<li><span style=\"font-weight: 400;\">\u00a0Cercetare de pia\u0163\u0103, de urm\u0103rire \u015fi monitorizare a v\u00e2nz\u0103rilor \u015fi comportamentul angajatilor.<\/span><\/li>\n<\/ol>\n<p><span style=\"font-weight: 400;\">3. Prin furnizarea datelor clientul declar\u0103 \u015fi accepta neconditionat ca datele sale personale s\u0103 fie incluse in baza de date a DOCTOR PC DIGITAL SOLUTIONS SRL \u015fi \u00ee\u015fi d\u0103 acordul expres si neechivoc ca toate aceste date personale s\u0103 fie stocate, utilizate \u0219i prelucrate \u00een scopul prev\u0103zut mai sus la punctul 2.<\/span><\/p>\n<p><span style=\"font-weight: 400;\">4. Prin citirea documentului a\u021bi luat la cuno\u015ftin\u0163\u0103 faptul ca v\u0103 sunt garantate drepturile prev\u0103zute de lege, respectiv dreptul la informare, dreptul de acces la date, dreptul de interven\u021bie, dreptul de opozi\u021bie, dreptul de a nu fi supus unei decizii individuale, dreptul de va adresa justi\u021biei \u00een caz de \u00eenc\u0103lcare a drepturilor garantate de Legea 677\/2001 pentru protectia persoanelor cu privire la prelucrarea datelor cu caracter personal \u015fi libera circula\u021bie a acestor date; <\/span><\/p>\n<p><span style=\"font-weight: 400;\">5. Pe baza unei cereri scrise, datate, semnate \u0219i trimise la adresa office@doctor-pc.ro:<\/span><\/p>\n<ol>\n<li><span style=\"font-weight: 400;\">v\u0103 pute\u021bi exercita, \u00een mod gratuit, pentru o solicitare pe an, s\u0103 vi se confirme faptul c\u0103 datele personale sunt sau nu procesate: <\/span><\/li>\n<li><span style=\"font-weight: 400;\">v\u0103 pute\u0163i exercita dreptul de interven\u021bie asupra datelor, dup\u0103 caz: <\/span>\n<ol>\n<li><span style=\"font-weight: 400;\">Rectificarea, actualizarea, blocarea sau \u0219tergerea datelor a c\u0103ror prelucrare nu este conform\u0103 legii 677\/2001 pentru protec\u0163ia persoanelor cu privire la prelucrarea datelor cu caracter personal \u0219i libera circula\u021bie a acestor date, \u00een special a datelor incomplete sau inexacte; <\/span><\/li>\n<li><span style=\"font-weight: 400;\">\u00a0Transformarea \u00een date anonime a datelor a c\u0103ror prelucrare nu este conform\u0103 legii 677\/2001 pentru protec\u0163ia persoanelor cu privire la prelucrarea datelor cu caracter personal \u015fi libera circula\u0163ie a acestor date;<\/span><\/li>\n<li><span style=\"font-weight: 400;\">Notificarea c\u0103tre ter\u021bii c\u0103rora le-au fost dezv\u0103luite datele, daca aceast\u0103 notificare nu se dovede\u0219te imposibila sau nu presupune un efort disproportionat fa\u021b\u0103 de interesul legitim care ar putea fi lezat;<\/span><\/li>\n<\/ol>\n<\/li>\n<\/ol>\n<p><span style=\"font-weight: 400;\">6. De asemenea, DOCTOR PC DIGITAL SOLUTIONS SRL poate furniza datele cu caracter personal ale clientului altor companii cu care se afla \u00een rela\u021bii de parteneriat, dar numai \u00een temeiul unui angajament de confiden\u021bialitate din partea acestora \u015fi numai \u00een scopurile men\u021bionate la punctul 2, prin care garanteaz\u0103 c\u0103 aceste date sunt p\u0103strate \u00een siguran\u021b\u0103 \u0219i c\u0103 furnizarea acestor informa\u021bii personale se face conform legisla\u0163iei \u00een vigoare, dup\u0103 cum urmeaz\u0103: furnizorilor de servicii de curierat, furnizorilor de servicii de marketing, furnizorilor de servicii de plat\u0103\/bancare sau alte servicii, furnizate de companii cu care putem dezvolta programe comune de ofertare pe pia\u021b\u0103 a Bunurilor \u0219i Serviciilor noastre;<\/span><\/p>\n<p>7. Prin completarea \u00een formularul de comand\u0103 a datelor personale, inclusiv CNP, \u00een <span style=\"font-weight: 400;\">scopul activit\u0103\u0163ii de creditare, Cump\u0103r\u0103torul \u00ee\u0219i exprim\u0103 expres consim\u0163\u0103m\u00e2ntul c\u0103 persoanele juridice cu care DOCTOR PC DIGITAL SOLUTIONS SRL a \u00eencheiat parteneriate \u00een vederea oferirii produselor prin credit s\u0103 prelucreze datele personale ale acestuia \u00een evidentele proprii \u00een scopul efectu\u0103rii analizei de credit \u0219i s\u0103 le transmit\u0103 \u00een vederea consult\u0103rii informa\u0163iilor \u00eenregistrate pe numele Cump\u0103r\u0103torului in baza de date a Biroului de Credit.<\/span><\/p>\n<p><span style=\"font-weight: 400;\">8. Informa\u0163iile clientului cu caracter personal pot fi furnizate \u0219i c\u0103tre Parchetul General, Politie, instan\u0163ele judec\u0103tore\u0219ti \u0219i altor organe abilitate ale statului, \u00een baza \u0219i \u00een limitele prevederilor legale \u0219i ca urmare a unor cereri expres formulate;<\/span><\/p>\n\n\t\t<\/div>\n\t<\/div>\n<\/div><\/div><\/div><\/div>","protected":false},"excerpt":{"rendered":"<p>In cazul in care nu se repara la noi, constatarea costa: 40 RON pentru laptopuri 40 RON pentru calculatoare 40 RON pentru telefoane 50 RON pentru televizoare &nbsp; Va rugam sa cititi cu atentie conditiile acestui proces verbal pentru a evita orice tip de neintelegere. Oferim 3 luni de garantie pentru reparatia efectuata. 1. DOCTOR&hellip;<\/p>","protected":false},"author":3,"featured_media":0,"parent":0,"menu_order":0,"comment_status":"closed","ping_status":"closed","template":"","meta":{"footnotes":""},"_links":{"self":[{"href":"https:\/\/doctor-pc.ro\/ro_ro\/wp-json\/wp\/v2\/pages\/4142"}],"collection":[{"href":"https:\/\/doctor-pc.ro\/ro_ro\/wp-json\/wp\/v2\/pages"}],"about":[{"href":"https:\/\/doctor-pc.ro\/ro_ro\/wp-json\/wp\/v2\/types\/page"}],"author":[{"embeddable":true,"href":"https:\/\/doctor-pc.ro\/ro_ro\/wp-json\/wp\/v2\/users\/3"}],"replies":[{"embeddable":true,"href":"https:\/\/doctor-pc.ro\/ro_ro\/wp-json\/wp\/v2\/comments?post=4142"}],"version-history":[{"count":8,"href":"https:\/\/doctor-pc.ro\/ro_ro\/wp-json\/wp\/v2\/pages\/4142\/revisions"}],"predecessor-version":[{"id":4271,"href":"https:\/\/doctor-pc.ro\/ro_ro\/wp-json\/wp\/v2\/pages\/4142\/revisions\/4271"}],"wp:attachment":[{"href":"https:\/\/doctor-pc.ro\/ro_ro\/wp-json\/wp\/v2\/media?parent=4142"}],"curies":[{"name":"wp","href":"https:\/\/api.w.org\/{rel}","templated":true}]}}