{"id":4910,"date":"2026-01-29T09:20:44","date_gmt":"2026-01-29T09:20:44","guid":{"rendered":"https:\/\/doctor-pc.ro\/?page_id=4910"},"modified":"2026-01-29T09:25:24","modified_gmt":"2026-01-29T09:25:24","slug":"procesarea-si-stocarea-datelor","status":"publish","type":"page","link":"http:\/\/doctor-pc.ro\/ro_ro\/procesarea-si-stocarea-datelor\/","title":{"rendered":"Procesarea \u0219i stocarea datelor"},"content":{"rendered":"<div class=\"vc_row wpb_row vc_row-fluid\"><div class=\"wpb_column vc_column_container vc_col-sm-6\"><div class=\"vc_column-inner\"><div class=\"wpb_wrapper\">\n\t<div  class=\"wpb_single_image wpb_content_element vc_align_left\">\n\t\t\n\t\t<figure class=\"wpb_wrapper vc_figure\">\n\t\t\t<div class=\"vc_single_image-wrapper   vc_box_border_grey\"><img loading=\"lazy\" decoding=\"async\" width=\"800\" height=\"1000\" src=\"https:\/\/doctor-pc.ro\/wp-content\/uploads\/2026\/01\/data-storage.png\" class=\"vc_single_image-img attachment-full\" alt=\"\" title=\"data storage\" srcset=\"https:\/\/doctor-pc.ro\/wp-content\/uploads\/2026\/01\/data-storage.png 800w, https:\/\/doctor-pc.ro\/wp-content\/uploads\/2026\/01\/data-storage-240x300.png 240w, https:\/\/doctor-pc.ro\/wp-content\/uploads\/2026\/01\/data-storage-768x960.png 768w, https:\/\/doctor-pc.ro\/wp-content\/uploads\/2026\/01\/data-storage-10x12.png 10w\" sizes=\"(max-width: 800px) 100vw, 800px\"  data-dt-location=\"http:\/\/doctor-pc.ro\/ro_ro\/procesarea-si-stocarea-datelor\/data-storage\/\" \/><\/div>\n\t\t<\/figure>\n\t<\/div>\n<\/div><\/div><\/div><div class=\"wpb_column vc_column_container vc_col-sm-6\"><div class=\"vc_column-inner\"><div class=\"wpb_wrapper\">\n\t<div class=\"wpb_text_column wpb_content_element\" >\n\t\t<div class=\"wpb_wrapper\">\n\t\t\t<p data-start=\"272\" data-end=\"460\">La <strong data-start=\"275\" data-end=\"288\">Doctor PC<\/strong>, oferim solu\u021bii moderne pentru <strong data-start=\"320\" data-end=\"354\">procesarea \u0219i stocarea datelor<\/strong>, concepute s\u0103 asigure eficien\u021b\u0103, securitate \u0219i acces rapid la informa\u021biile esen\u021biale ale afacerii tale.<\/p>\n<h3 data-start=\"462\" data-end=\"499\">Servicii personalizate de stocare<\/h3>\n<p data-start=\"500\" data-end=\"725\">Oferim <strong data-start=\"507\" data-end=\"539\">op\u021biuni flexibile de stocare<\/strong>, de la servere locale la solu\u021bii cloud, astfel \u00eenc\u00e2t datele tale s\u0103 fie mereu accesibile \u0219i protejate. Indiferent de volumul informa\u021biilor, g\u0103sim solu\u021bia potrivit\u0103 pentru afacerea ta.<\/p>\n<h3 data-start=\"727\" data-end=\"767\">Procesare rapid\u0103 \u0219i sigur\u0103 a datelor<\/h3>\n<p data-start=\"768\" data-end=\"963\">Sistemele noastre permit <strong data-start=\"793\" data-end=\"827\">procesarea eficient\u0103 a datelor<\/strong>, cu minimum de \u00eentreruperi \u0219i maximum de siguran\u021b\u0103. Automatiz\u0103m fluxurile de lucru pentru a optimiza timpul \u0219i resursele firmei tale.<\/p>\n<h3 data-start=\"965\" data-end=\"1002\">Backup \u0219i protec\u021bia informa\u021biilor<\/h3>\n<p data-start=\"1003\" data-end=\"1187\">Ne ocup\u0103m de <strong data-start=\"1016\" data-end=\"1039\">backup-uri regulate<\/strong> \u0219i implement\u0103m m\u0103suri avansate de securitate, astfel \u00eenc\u00e2t datele tale s\u0103 fie protejate \u00eempotriva pierderii, erorilor sau atacurilor cibernetice.<\/p>\n<h3 data-start=\"1189\" data-end=\"1227\">Acces flexibil \u0219i management facil<\/h3>\n<p data-start=\"1228\" data-end=\"1439\">Cu solu\u021biile noastre, po\u021bi accesa datele de pe orice dispozitiv \u0219i le po\u021bi gestiona u\u0219or. Echipa Doctor PC ofer\u0103 suport dedicat \u0219i consultan\u021b\u0103 pentru a te ajuta s\u0103 profi\u021bi la maximum de infrastructura de date.<\/p>\n\n\t\t<\/div>\n\t<\/div>\n<\/div><\/div><\/div><\/div>","protected":false},"excerpt":{"rendered":"<p>La Doctor PC, oferim solu\u021bii moderne pentru procesarea \u0219i stocarea datelor, concepute s\u0103 asigure eficien\u021b\u0103, securitate \u0219i acces rapid la informa\u021biile esen\u021biale ale afacerii tale. Servicii personalizate de stocare Oferim op\u021biuni flexibile de stocare, de la servere locale la solu\u021bii cloud, astfel \u00eenc\u00e2t datele tale s\u0103 fie mereu accesibile \u0219i protejate. Indiferent de volumul informa\u021biilor,&hellip;<\/p>","protected":false},"author":1,"featured_media":0,"parent":0,"menu_order":0,"comment_status":"closed","ping_status":"closed","template":"","meta":{"footnotes":""},"_links":{"self":[{"href":"http:\/\/doctor-pc.ro\/ro_ro\/wp-json\/wp\/v2\/pages\/4910"}],"collection":[{"href":"http:\/\/doctor-pc.ro\/ro_ro\/wp-json\/wp\/v2\/pages"}],"about":[{"href":"http:\/\/doctor-pc.ro\/ro_ro\/wp-json\/wp\/v2\/types\/page"}],"author":[{"embeddable":true,"href":"http:\/\/doctor-pc.ro\/ro_ro\/wp-json\/wp\/v2\/users\/1"}],"replies":[{"embeddable":true,"href":"http:\/\/doctor-pc.ro\/ro_ro\/wp-json\/wp\/v2\/comments?post=4910"}],"version-history":[{"count":2,"href":"http:\/\/doctor-pc.ro\/ro_ro\/wp-json\/wp\/v2\/pages\/4910\/revisions"}],"predecessor-version":[{"id":4913,"href":"http:\/\/doctor-pc.ro\/ro_ro\/wp-json\/wp\/v2\/pages\/4910\/revisions\/4913"}],"wp:attachment":[{"href":"http:\/\/doctor-pc.ro\/ro_ro\/wp-json\/wp\/v2\/media?parent=4910"}],"curies":[{"name":"wp","href":"https:\/\/api.w.org\/{rel}","templated":true}]}}