{"id":4274,"date":"2023-01-18T10:48:38","date_gmt":"2023-01-18T10:48:38","guid":{"rendered":"https:\/\/doctor-pc.ro\/?page_id=4274"},"modified":"2024-10-31T14:00:40","modified_gmt":"2024-10-31T14:00:40","slug":"cariere","status":"publish","type":"page","link":"http:\/\/doctor-pc.ro\/ro_ro\/cariere\/","title":{"rendered":"Cariere"},"content":{"rendered":"<div class=\"vc_row wpb_row vc_row-fluid vc_custom_1575390546273 vc_row-o-content-middle vc_row-flex\"><div class=\"wpb_column vc_column_container vc_col-sm-12\"><div class=\"vc_column-inner\"><div class=\"wpb_wrapper\"><div class=\"vc_row wpb_row vc_inner vc_row-fluid vc_row-o-equal-height vc_row-o-content-middle vc_row-flex\"><div class=\"wpb_column vc_column_container vc_col-sm-6\"><div class=\"vc_column-inner\"><div class=\"wpb_wrapper\">\n\t<div  class=\"wpb_single_image wpb_content_element vc_align_left\">\n\t\t\n\t\t<figure class=\"wpb_wrapper vc_figure\">\n\t\t\t<div class=\"vc_single_image-wrapper   vc_box_border_grey\"><img loading=\"lazy\" decoding=\"async\" width=\"700\" height=\"1000\" src=\"https:\/\/doctor-pc.ro\/wp-content\/uploads\/2024\/10\/2.png\" class=\"vc_single_image-img attachment-full\" alt=\"\" title=\"2\" srcset=\"https:\/\/doctor-pc.ro\/wp-content\/uploads\/2024\/10\/2.png 700w, https:\/\/doctor-pc.ro\/wp-content\/uploads\/2024\/10\/2-210x300.png 210w, https:\/\/doctor-pc.ro\/wp-content\/uploads\/2024\/10\/2-8x12.png 8w\" sizes=\"(max-width: 700px) 100vw, 700px\"  data-dt-location=\"http:\/\/doctor-pc.ro\/ro_ro\/cariere\/2-16\/\" \/><\/div>\n\t\t<\/figure>\n\t<\/div>\n<\/div><\/div><\/div><div class=\"wpb_column vc_column_container vc_col-sm-6\"><div class=\"vc_column-inner vc_custom_1575390506246\"><div class=\"wpb_wrapper\"><div id=\"ultimate-heading-15546a090fba3c6ae\" class=\"uvc-heading ult-adjust-bottom-margin ultimate-heading-15546a090fba3c6ae uvc-100  uvc-heading-default-font-sizes\" data-hspacer=\"no_spacer\"  data-halign=\"left\" style=\"text-align:left\"><div class=\"uvc-heading-spacer no_spacer\" style=\"top\"><\/div><div class=\"uvc-main-heading ult-responsive\"  data-ultimate-target='.uvc-heading.ultimate-heading-15546a090fba3c6ae h3'  data-responsive-json-new='{\"font-size\":\"\",\"line-height\":\"\"}' ><h3 style=\"font-weight:bold;color:#a21d21;margin-bottom:20px;\">Tehnician IT<\/h3><\/div><\/div>\n\t<div class=\"wpb_text_column wpb_content_element  vc_custom_1730383202832\" >\n\t\t<div class=\"wpb_wrapper\">\n\t\t\t<p><strong>Descrierea Postului:<\/strong><\/p>\n<p>Suntem o firm\u0103 dedicat\u0103 solu\u021biilor hardware \u0219i software, \u0219i c\u0103ut\u0103m un Tehnician IT talentat pentru a se al\u0103tura echipei noastre. Dac\u0103 e\u0219ti pasionat de tehnologie \u0219i ai abilit\u0103\u021bi excelente de rezolvare a problemelor, te invit\u0103m s\u0103 aplici!<\/p>\n<p><strong>Responsabilit\u0103\u021bi:<\/strong><\/p>\n<ul>\n<li>Instalarea, configurarea \u0219i \u00eentre\u021binerea echipamentelor hardware \u0219i software<\/li>\n<li>Diagnosticarea \u0219i rezolvarea problemelor tehnice<\/li>\n<li>Asigurarea suportului tehnic pentru clien\u021bi<\/li>\n<li>Monitorizarea performan\u021bei sistemelor \u0219i implementarea m\u0103surilor de optimizare<\/li>\n<li>Gestionarea re\u021belelor \u0219i a securit\u0103\u021bii informa\u021biei<\/li>\n<li>Colaborarea cu echipa de IT pentru a asigura buna desf\u0103\u0219urare a proiectelor<\/li>\n<\/ul>\n<p><strong>Cerin\u021be:<\/strong><\/p>\n<ul>\n<li>Experien\u021b\u0103 anterioar\u0103 pe un post similar reprezint\u0103 un avantaj<\/li>\n<li>Cuno\u0219tin\u021be \u00een domeniul hardware, software \u0219i re\u021belistic\u0103<\/li>\n<li>Abilit\u0103\u021bi excelente de rezolvare a problemelor<\/li>\n<li>Capacitatea de a lucra independent \u0219i \u00een echip\u0103<\/li>\n<li>Aten\u021bie la detalii \u0219i abilitatea de a respecta termenele limit\u0103<\/li>\n<li>Cunoa\u0219terea limbii engleze constituie un avantaj<\/li>\n<li>Permisul de conducere constituie un avantaj<\/li>\n<\/ul>\n<p><strong>Beneficii:<\/strong><\/p>\n<ul>\n<li>Salariu competitiv \u0219i pachet de beneficii atractiv<\/li>\n<li>Oportunit\u0103\u021bi de dezvoltare profesional\u0103 \u0219i de avansare \u00een carier\u0103<\/li>\n<li>Mediu de lucru dinamic \u0219i prietenos<\/li>\n<li>Acces la cele mai recente tehnologii \u0219i traininguri specializate<\/li>\n<\/ul>\n\n\t\t<\/div>\n\t<\/div>\n<\/div><\/div><\/div><\/div><\/div><\/div><\/div><\/div><div class=\"vc_row wpb_row vc_row-fluid\"><div class=\"wpb_column vc_column_container vc_col-sm-12\"><div class=\"vc_column-inner\"><div class=\"wpb_wrapper\"><div class=\"vc_row wpb_row vc_inner vc_row-fluid vc_row-o-equal-height vc_row-o-content-middle vc_row-flex\"><div class=\"wpb_column vc_column_container vc_col-sm-6\"><div class=\"vc_column-inner\"><div class=\"wpb_wrapper\">\n\t<div  class=\"wpb_single_image wpb_content_element vc_align_left\">\n\t\t\n\t\t<figure class=\"wpb_wrapper vc_figure\">\n\t\t\t<div class=\"vc_single_image-wrapper   vc_box_border_grey\"><img loading=\"lazy\" decoding=\"async\" width=\"700\" height=\"1000\" src=\"https:\/\/doctor-pc.ro\/wp-content\/uploads\/2024\/10\/1.png\" class=\"vc_single_image-img attachment-full\" alt=\"\" title=\"1\" srcset=\"https:\/\/doctor-pc.ro\/wp-content\/uploads\/2024\/10\/1.png 700w, https:\/\/doctor-pc.ro\/wp-content\/uploads\/2024\/10\/1-210x300.png 210w, https:\/\/doctor-pc.ro\/wp-content\/uploads\/2024\/10\/1-8x12.png 8w\" sizes=\"(max-width: 700px) 100vw, 700px\"  data-dt-location=\"http:\/\/doctor-pc.ro\/ro_ro\/cariere\/1-15\/\" \/><\/div>\n\t\t<\/figure>\n\t<\/div>\n<\/div><\/div><\/div><div class=\"wpb_column vc_column_container vc_col-sm-6\"><div class=\"vc_column-inner vc_custom_1575390506246\"><div class=\"wpb_wrapper\"><div id=\"ultimate-heading-27806a090fba3d444\" class=\"uvc-heading ult-adjust-bottom-margin ultimate-heading-27806a090fba3d444 uvc-8596  uvc-heading-default-font-sizes\" data-hspacer=\"no_spacer\"  data-halign=\"left\" style=\"text-align:left\"><div class=\"uvc-heading-spacer no_spacer\" style=\"top\"><\/div><div class=\"uvc-main-heading ult-responsive\"  data-ultimate-target='.uvc-heading.ultimate-heading-27806a090fba3d444 h3'  data-responsive-json-new='{\"font-size\":\"\",\"line-height\":\"\"}' ><h3 style=\"font-weight:bold;color:#a21d21;margin-bottom:20px;\">Asistent Manager V\u00e2nz\u0103ri \u00een Domeniul IT<\/h3><\/div><\/div>\n\t<div class=\"wpb_text_column wpb_content_element  vc_custom_1730383233923\" >\n\t\t<div class=\"wpb_wrapper\">\n\t\t\t<p><strong>Descrierea Postului:<\/strong><\/p>\n<p>E\u0219ti pasionat de v\u00e2nz\u0103ri \u0219i tehnologie? Al\u0103tur\u0103-te echipei noastre ca Asistent Manager V\u00e2nz\u0103ri \u00een domeniul IT! C\u0103ut\u0103m o persoan\u0103 dinamic\u0103, organizat\u0103 \u0219i proactiv\u0103, capabil\u0103 s\u0103 sprijine echipa de v\u00e2nz\u0103ri \u00een desf\u0103\u0219urarea activit\u0103\u021bilor zilnice \u0219i \u00een atingerea obiectivelor de v\u00e2nz\u0103ri.<\/p>\n<p><strong>Responsabilit\u0103\u021bi:<\/strong><\/p>\n<ul>\n<li>Suport administrativ pentru echipa de v\u00e2nz\u0103ri<\/li>\n<li>Coordonarea \u0219i monitorizarea proiectelor de v\u00e2nz\u0103ri<\/li>\n<li>Organizarea \u0219i preg\u0103tirea \u00eent\u00e2lnirilor cu clien\u021bii<\/li>\n<li>Gestionarea coresponden\u021bei \u0219i a documentelor legate de v\u00e2nz\u0103ri<\/li>\n<li>Colaborarea cu echipa de IT pentru a asigura buna desf\u0103\u0219urare a activit\u0103\u021bilor de v\u00e2nz\u0103ri<\/li>\n<li>Gestionarea calendarului \u0219i a program\u0103rilor managerului de v\u00e2nz\u0103ri<\/li>\n<li>Responsabil pentru gestionarea webshopului<\/li>\n<\/ul>\n<p><strong>Cerin\u021be:<\/strong><\/p>\n<ul>\n<li>Experien\u021b\u0103 anterioar\u0103 pe un post similar reprezint\u0103 un avantaj<\/li>\n<li>Abilit\u0103\u021bi excelente de comunicare \u0219i organizare<\/li>\n<li>Capacitatea de a lucra independent \u0219i \u00een echip\u0103<\/li>\n<li>Aten\u021bie la detalii \u0219i abilitatea de a respecta termenele limit\u0103<\/li>\n<li>Cunoa\u0219terea limbii engleze reprezint\u0103 un avantaj<\/li>\n<\/ul>\n<p><strong>Beneficii:<\/strong><\/p>\n<ul>\n<li>Salariu competitiv \u0219i pachet de beneficii atractiv<\/li>\n<li>Oportunit\u0103\u021bi de dezvoltare profesional\u0103 \u0219i de avansare \u00een carier\u0103<\/li>\n<li>Mediu de lucru dinamic \u0219i prietenos<\/li>\n<li>Acces la cele mai recente tehnologii \u0219i traininguri specializate<\/li>\n<\/ul>\n\n\t\t<\/div>\n\t<\/div>\n<\/div><\/div><\/div><\/div><\/div><\/div><\/div><\/div><div data-vc-full-width=\"true\" data-vc-full-width-init=\"false\" class=\"vc_row wpb_row vc_row-fluid vc_custom_1659098065857 vc_row-has-fill\"><div class=\"wpb_column vc_column_container vc_col-sm-12\"><div class=\"vc_column-inner vc_custom_1575390830311\"><div class=\"wpb_wrapper\"><div id=\"ultimate-heading-39446a090fba3d7b6\" class=\"uvc-heading ult-adjust-bottom-margin ultimate-heading-39446a090fba3d7b6 uvc-3049  uvc-heading-default-font-sizes\" data-hspacer=\"no_spacer\"  data-halign=\"center\" style=\"text-align:center\"><div class=\"uvc-heading-spacer no_spacer\" style=\"top\"><\/div><div class=\"uvc-main-heading ult-responsive\"  data-ultimate-target='.uvc-heading.ultimate-heading-39446a090fba3d7b6 h2'  data-responsive-json-new='{\"font-size\":\"\",\"line-height\":\"\"}' ><h2 style=\"font-weight:bold;color:#ffffff;\">Devino parte a echipei noastre!<\/h2><\/div><\/div><\/div><\/div><\/div><\/div><div class=\"vc_row-full-width vc_clearfix\"><\/div><div class=\"vc_row wpb_row vc_row-fluid\"><div class=\"wpb_column vc_column_container vc_col-sm-12\"><div class=\"vc_column-inner\"><div class=\"wpb_wrapper\"><div role=\"form\" class=\"wpcf7\" id=\"wpcf7-f4306-o1\" lang=\"en-US\" dir=\"ltr\">\n<div class=\"screen-reader-response\"><p role=\"status\" aria-live=\"polite\" aria-atomic=\"true\"><\/p> <ul><\/ul><\/div>\n<form action=\"\/ro_ro\/wp-json\/wp\/v2\/pages\/4274#wpcf7-f4306-o1\" method=\"post\" class=\"wpcf7-form init\" enctype=\"multipart\/form-data\" novalidate=\"novalidate\" data-status=\"init\" data-trp-original-action=\"\/ro_ro\/wp-json\/wp\/v2\/pages\/4274#wpcf7-f4306-o1\">\n<div style=\"display: none;\">\n<input type=\"hidden\" name=\"_wpcf7\" value=\"4306\" \/>\n<input type=\"hidden\" name=\"_wpcf7_version\" value=\"5.6.3\" \/>\n<input type=\"hidden\" name=\"_wpcf7_locale\" value=\"en_US\" \/>\n<input type=\"hidden\" name=\"_wpcf7_unit_tag\" value=\"wpcf7-f4306-o1\" \/>\n<input type=\"hidden\" name=\"_wpcf7_container_post\" value=\"0\" \/>\n<input type=\"hidden\" name=\"_wpcf7_posted_data_hash\" value=\"\" \/>\n<input type=\"hidden\" name=\"_wpcf7_recaptcha_response\" value=\"\" \/>\n<\/div>\n<p><label> Nume<br \/>\n    <span class=\"wpcf7-form-control-wrap\" data-name=\"your-name\"><input type=\"text\" name=\"your-name\" value=\"\" size=\"40\" class=\"wpcf7-form-control wpcf7-text wpcf7-validates-as-required\" aria-required=\"true\" aria-invalid=\"false\" \/><\/span> <\/label><\/p>\n<p><label> Telefon<br \/>\n    <span class=\"wpcf7-form-control-wrap\" data-name=\"your-message\"><input type=\"text\" name=\"your-message\" value=\"\" size=\"40\" class=\"wpcf7-form-control wpcf7-text\" aria-invalid=\"false\" \/><\/span> <\/label><\/p>\n<p><label> Email<br \/>\n<span class=\"wpcf7-form-control-wrap\" data-name=\"email-191\"><input type=\"email\" name=\"email-191\" value=\"\" size=\"40\" class=\"wpcf7-form-control wpcf7-text wpcf7-email wpcf7-validates-as-email\" aria-invalid=\"false\" \/><\/span><\/label><\/p>\n<p><label> CV-ul dvs ( maxim 2 mb in format PDF )<br \/>\n    <span class=\"wpcf7-form-control-wrap\" data-name=\"your-file\"><input type=\"file\" name=\"your-file\" size=\"40\" class=\"wpcf7-form-control wpcf7-file\" accept=\".pdf,.txt\" aria-invalid=\"false\" \/><\/span> <\/label><\/p>\n<p><label> Mesajul dvs (op\u021bional)<br \/>\n    <span class=\"wpcf7-form-control-wrap\" data-name=\"your-message\"><textarea name=\"your-message\" cols=\"40\" rows=\"10\" class=\"wpcf7-form-control wpcf7-textarea\" aria-invalid=\"false\"><\/textarea><\/span> <\/label><\/p>\n<p><span class=\"wpcf7-form-control-wrap\" data-name=\"quiz-287\"><label><span class=\"wpcf7-quiz-label\">5+12<\/span> <input type=\"text\" name=\"quiz-287\" size=\"40\" class=\"wpcf7-form-control wpcf7-quiz\" autocomplete=\"off\" aria-required=\"true\" aria-invalid=\"false\" \/><\/label><input type=\"hidden\" name=\"_wpcf7_quiz_answer_quiz-287\" value=\"44b1f06b222e5173331a2ee883fd3e95\" \/><\/span><\/p>\n<p><input type=\"submit\" value=\"Aplic\u0103 acum!\" class=\"wpcf7-form-control has-spinner wpcf7-submit\" \/><\/p>\n<p style=\"display: none !important;\"><label>&#916;<textarea name=\"_wpcf7_ak_hp_textarea\" cols=\"45\" rows=\"8\" maxlength=\"100\"><\/textarea><\/label><input type=\"hidden\" id=\"ak_js_1\" name=\"_wpcf7_ak_js\" value=\"52\"\/><script>document.getElementById( \"ak_js_1\" ).setAttribute( \"value\", ( new Date() ).getTime() );<\/script><\/p><div class=\"wpcf7-response-output\" aria-hidden=\"true\"><\/div><input type=\"hidden\" name=\"trp-form-language\" value=\"ro_ro\"\/><\/form><\/div><\/div><\/div><\/div><\/div>","protected":false},"excerpt":{"rendered":"<p>Tehnician IT Descrierea Postului: Suntem o firm\u0103 dedicat\u0103 solu\u021biilor hardware \u0219i software, \u0219i c\u0103ut\u0103m un Tehnician IT talentat pentru a se al\u0103tura echipei noastre. Dac\u0103 e\u0219ti pasionat de tehnologie \u0219i ai abilit\u0103\u021bi excelente de rezolvare a problemelor, te invit\u0103m s\u0103 aplici! Responsabilit\u0103\u021bi: Instalarea, configurarea \u0219i \u00eentre\u021binerea echipamentelor hardware \u0219i software Diagnosticarea \u0219i rezolvarea problemelor tehnice&hellip;<\/p>","protected":false},"author":1,"featured_media":0,"parent":0,"menu_order":10,"comment_status":"closed","ping_status":"closed","template":"","meta":{"footnotes":""},"_links":{"self":[{"href":"http:\/\/doctor-pc.ro\/ro_ro\/wp-json\/wp\/v2\/pages\/4274"}],"collection":[{"href":"http:\/\/doctor-pc.ro\/ro_ro\/wp-json\/wp\/v2\/pages"}],"about":[{"href":"http:\/\/doctor-pc.ro\/ro_ro\/wp-json\/wp\/v2\/types\/page"}],"author":[{"embeddable":true,"href":"http:\/\/doctor-pc.ro\/ro_ro\/wp-json\/wp\/v2\/users\/1"}],"replies":[{"embeddable":true,"href":"http:\/\/doctor-pc.ro\/ro_ro\/wp-json\/wp\/v2\/comments?post=4274"}],"version-history":[{"count":44,"href":"http:\/\/doctor-pc.ro\/ro_ro\/wp-json\/wp\/v2\/pages\/4274\/revisions"}],"predecessor-version":[{"id":4851,"href":"http:\/\/doctor-pc.ro\/ro_ro\/wp-json\/wp\/v2\/pages\/4274\/revisions\/4851"}],"wp:attachment":[{"href":"http:\/\/doctor-pc.ro\/ro_ro\/wp-json\/wp\/v2\/media?parent=4274"}],"curies":[{"name":"wp","href":"https:\/\/api.w.org\/{rel}","templated":true}]}}