{"id":4066,"date":"2022-08-01T17:18:27","date_gmt":"2022-08-01T17:18:27","guid":{"rendered":"https:\/\/doctor-pc.ro\/?page_id=4066"},"modified":"2026-01-28T13:37:42","modified_gmt":"2026-01-28T13:37:42","slug":"termeni-si-conditii","status":"publish","type":"page","link":"http:\/\/doctor-pc.ro\/ro_ro\/termeni-si-conditii\/","title":{"rendered":"Termeni si conditii"},"content":{"rendered":"<div class=\"vc_row wpb_row vc_row-fluid\"><div class=\"wpb_column vc_column_container vc_col-sm-12\"><div class=\"vc_column-inner\"><div class=\"wpb_wrapper\"><\/div><\/div><\/div><\/div><div class=\"vc_row wpb_row vc_row-fluid\"><div class=\"wpb_column vc_column_container vc_col-sm-12\"><div class=\"vc_column-inner\"><div class=\"wpb_wrapper\">\n\t<div class=\"wpb_text_column wpb_content_element\" >\n\t\t<div class=\"wpb_wrapper\">\n\t\t\t<p data-start=\"273\" data-end=\"366\"><strong data-start=\"273\" data-end=\"301\">TERMENI \u0218I CONDI\u021aII GDPR<\/strong><br data-start=\"301\" data-end=\"304\" \/><strong data-start=\"304\" data-end=\"366\">Condi\u021bii Generale pentru utilizarea site-ului Doctor-PC.ro<\/strong><\/p>\n<h3 data-start=\"368\" data-end=\"396\">ACCEPTAREA CONDI\u021aIILOR<\/h3>\n<p data-start=\"397\" data-end=\"607\">Prin accesarea acestui site web \u0219i\/sau a oric\u0103rei pagini a acestuia sunte\u021bi de acord cu aceste condi\u021bii de utilizare. Dac\u0103 nu sunte\u021bi de acord cu ace\u0219ti termeni \u0219i condi\u021bii de utilizare, nu accesa\u021bi acest site.<\/p>\n<h3 data-start=\"609\" data-end=\"637\">DESCRIEREA SERVICIILOR<\/h3>\n<p data-start=\"638\" data-end=\"881\">Site-ul nostru v\u0103 pune la dispozi\u021bie informa\u021biile din acest site web \u00een scop informativ general \u0219i nu garanteaz\u0103 exactitatea lor la un moment dat, de\u0219i se va \u00eencerca pe c\u00e2t posibil ca la publicarea lor pe site toate informa\u021biile s\u0103 fie exacte.<\/p>\n<h3 data-start=\"883\" data-end=\"900\">INTRODUCERE<\/h3>\n<p data-start=\"901\" data-end=\"1124\">Prezentele Condi\u021bii Generale definesc condi\u021biile de utilizare a site-ului Doctor-PC.ro de c\u0103tre poten\u021bialii vizitatori sau clien\u021bi. Acces\u00e2nd \u0219i navig\u00e2nd pe acest site, accepta\u021bi termenii de utilizare descri\u0219i \u00een continuare.<\/p>\n<h3 data-start=\"1126\" data-end=\"1172\">DREPTURILE ASUPRA CON\u021aINUTULUI SITE-ULUI<\/h3>\n<p data-start=\"1173\" data-end=\"1566\"><strong data-start=\"1173\" data-end=\"1187\">Flexinvest SRL<\/strong> (denumit\u0103 \u00een continuare <i>Doctor PC)<\/i>\u00a0nu va transfera titlul de proprietate asupra aplica\u021biilor software.<br data-start=\"1293\" data-end=\"1296\" \/>Flexinvest de\u021bine drepturi complete \u0219i depline asupra titlului de proprietate \u0219i prin aceasta toate drepturile de autor \u0219i cele brevetate. Nu ave\u021bi dreptul s\u0103 redistribui\u021bi, vinde\u021bi, decompila\u021bi, dezasambla\u021bi aplica\u021bia software \u00eentr-o form\u0103 perceptibil\u0103 de c\u0103tre oameni.<\/p>\n<p data-start=\"1568\" data-end=\"1796\">Toate informa\u021biile, produsele sau aplica\u021biile con\u021binute \u00een acest site sunt proprietatea Flexinvest, care \u00ee\u0219i rezerv\u0103 dreptul de a modifica con\u021binutul \u0219i\/sau structura site-ului \u00een orice moment \u0219i f\u0103r\u0103 nicio informare prealabil\u0103.<\/p>\n<p data-start=\"1798\" data-end=\"2276\">\u00centregul con\u021binut al site-ului Doctor-PC.ro este protejat prin legea drepturilor de autor, toate drepturile fiind rezervate. Toate drepturile referitoare la pagini, con\u021binutul \u0219i prezentarea site-ului sunt de\u021binute de Flexinvest. Este interzis\u0103 copierea, modificarea, afi\u0219area, distribuirea, transmiterea, publicarea, comercializarea, licen\u021bierea, crearea unor materiale derivate sau utilizarea con\u021binutului site-ului \u00een orice scop f\u0103r\u0103 confirmarea scris\u0103 din partea Flexinvest.<\/p>\n<p data-start=\"2278\" data-end=\"2608\">Accesul \u0219i utilizarea paginii Doctor-PC.ro sunt gratuite \u0219i au scopul de a veni \u00een ajutorul utilizatorilor pentru a g\u0103si informa\u021biile necesare \u00een cel mai u\u0219or \u0219i rapid mod posibil, conform cerin\u021belor fiec\u0103ruia. Informa\u021biile prezente pe Doctor-PC.ro sunt de interes general \u0219i sunt puse la dispozi\u021bia utilizatorilor \u00een mod gratuit.<\/p>\n<p data-start=\"2610\" data-end=\"3002\">Prin termenul \u201eutilizator\u201d al acestei pagini se \u00een\u021belege orice persoan\u0103 fizic\u0103 sau juridic\u0103 care va accesa pagina. Pute\u021bi copia \u0219i tip\u0103ri con\u021binutul paginii Doctor-PC.ro pentru folosin\u021ba dumneavoastr\u0103 personal\u0103, f\u0103r\u0103 inten\u021bii comerciale. \u00cen orice alte situa\u021bii, con\u021binutul Doctor-PC.ro nu poate fi reprodus, modificat sau exploatat f\u0103r\u0103 consim\u021b\u0103m\u00e2ntul explicit al reprezentan\u021bilor Flexinvest.<\/p>\n<h3 data-start=\"3004\" data-end=\"3033\">NEANGAJAREA R\u0102SPUNDERII<\/h3>\n<p data-start=\"3034\" data-end=\"3170\">Con\u021binutul informa\u021biilor se refer\u0103 la descrierea \u00eentr-un anumit grad de detaliere a activit\u0103\u021bilor, produselor \u0219i serviciilor Flexinvest.<\/p>\n<p data-start=\"3172\" data-end=\"3495\">Flexinvest nu va acorda nicio garan\u021bie referitoare la:<br data-start=\"3226\" data-end=\"3229\" \/>\u2013 evitarea utiliz\u0103rii anevoioase sau \u00eentreruperii \u00een utilizare a site-ului;<br data-start=\"3304\" data-end=\"3307\" \/>\u2013 neafectarea \u00een sens negativ a altor sisteme prin utilizarea site-ului;<br data-start=\"3379\" data-end=\"3382\" \/>\u2013 inexisten\u021ba pe site-ul pus la dispozi\u021bie a viru\u0219ilor sau a altor componente care ar putea d\u0103una utilizatorilor.<\/p>\n<p data-start=\"3497\" data-end=\"3628\">Astfel, Flexinvest nu poate fi responsabil\u0103 pentru niciun fel de daune directe sau indirecte produse prin utilizarea site-ului sau.<\/p>\n<p data-start=\"3630\" data-end=\"3985\">Toate informa\u021biile prezentate pe site cu privire la produsele Doctor-PC.ro, pre\u021buri, informa\u021bii, campanii \u0219i promo\u021bii de marketing, aspecte tehnice, sunt prezentate cu titlu informativ. Nimic din con\u021binutul site-ului Doctor-PC.ro nu poate constitui o ofert\u0103 ferm\u0103 de a contracta \u0219i nu poate angaja r\u0103spunderea Flexinvest \u00een lipsa unor acorduri ulterioare.<\/p>\n<p data-start=\"3987\" data-end=\"4139\">Con\u021binutul paginii web Doctor-PC.ro, al informa\u021biilor \u0219i al altor materiale prezentate nu reprezint\u0103 o consulta\u021bie juridic\u0103 \u00een sensul Legii nr. 51\/1995.<\/p>\n<p data-start=\"4141\" data-end=\"4562\">GDPR este un set de reguli bazat pe principii complexe, deschis la interpretare \u0219i care con\u021bine numeroase domenii \u00een care statele membre sunt invitate s\u0103 intervin\u0103. \u00cen ciuda eforturilor noastre, Flexinvest nu face nicio declara\u021bie, promisiune sau garan\u021bie privind exactitatea sau caracterul adecvat al prezentului con\u021binut \u0219i exclude orice r\u0103spundere pentru eventuale pierderi sau daune rezultate din utilizarea acestuia.<\/p>\n<h3 data-start=\"4564\" data-end=\"4603\">OBIECTIVUL CON\u021aINUTULUI SITE-ULUI<\/h3>\n<p data-start=\"4604\" data-end=\"4816\">Obiectivul con\u021binutului site-ului este de a transmite informa\u021bii actualizate \u0219i exacte. Flexinvest nu poate garanta c\u0103 prezentele pagini nu con\u021bin erori, dar va depune toate eforturile pentru corectarea acestora.<\/p>\n<h3 data-start=\"4818\" data-end=\"4844\">INFORMA\u021aII PERSONALE<\/h3>\n<p data-start=\"4845\" data-end=\"5145\">Informa\u021biile solicitate prin intermediul site-ului au ca scop identificarea utilizatorilor sau posibilitatea de a fi contacta\u021bi \u0219i pot include date personale, adrese de e-mail sau alte informa\u021bii relevante pentru utilizarea serviciilor Flexinvest. Aceste date vor fi stocate \u0219i prelucrate electronic.<\/p>\n<h3 data-start=\"5147\" data-end=\"5178\">LEG\u0102TURA CU ALTE SITE-URI<\/h3>\n<p data-start=\"5179\" data-end=\"5385\">Site-ul poate con\u021bine leg\u0103turi c\u0103tre alte site-uri considerate utile de c\u0103tre Flexinvest, dar care nu se afl\u0103 sub controlul s\u0103u. Flexinvest nu \u00ee\u0219i asum\u0103 responsabilitatea pentru con\u021binutul acestor site-uri.<\/p>\n<h3 data-start=\"5387\" data-end=\"5440\">INFORMA\u021aIILE OFERITE PRIN INTERMEDIUL SITE-ULUI<\/h3>\n<p data-start=\"5441\" data-end=\"5697\">Prin utilizarea site-ului Doctor-PC.ro \u0219i furnizarea de date cu caracter personal, utilizatorul \u00ee\u0219i exprim\u0103 acordul expres pentru prelucrarea acestora de c\u0103tre Flexinvest, inclusiv pentru comunic\u0103ri de marketing \u0219i solu\u021bionarea cererilor sau reclama\u021biilor.<\/p>\n<p data-start=\"5699\" data-end=\"5915\">Flexinvest va p\u0103stra confiden\u021bialitatea informa\u021biilor conform legisla\u021biei \u00een vigoare. Utilizarea continu\u0103 a site-ului constituie acordul expres pentru prelucrarea datelor personale \u00een conformitate cu legisla\u021bia GDPR.<\/p>\n\n\t\t<\/div>\n\t<\/div>\n<\/div><\/div><\/div><\/div>","protected":false},"excerpt":{"rendered":"<p>TERMENI \u0218I CONDI\u021aII GDPRCondi\u021bii Generale pentru utilizarea site-ului Doctor-PC.ro ACCEPTAREA CONDI\u021aIILOR Prin accesarea acestui site web \u0219i\/sau a oric\u0103rei pagini a acestuia sunte\u021bi de acord cu aceste condi\u021bii de utilizare. Dac\u0103 nu sunte\u021bi de acord cu ace\u0219ti termeni \u0219i condi\u021bii de utilizare, nu accesa\u021bi acest site. DESCRIEREA SERVICIILOR Site-ul nostru v\u0103 pune la dispozi\u021bie informa\u021biile&hellip;<\/p>","protected":false},"author":1,"featured_media":0,"parent":0,"menu_order":0,"comment_status":"closed","ping_status":"closed","template":"","meta":{"footnotes":""},"_links":{"self":[{"href":"http:\/\/doctor-pc.ro\/ro_ro\/wp-json\/wp\/v2\/pages\/4066"}],"collection":[{"href":"http:\/\/doctor-pc.ro\/ro_ro\/wp-json\/wp\/v2\/pages"}],"about":[{"href":"http:\/\/doctor-pc.ro\/ro_ro\/wp-json\/wp\/v2\/types\/page"}],"author":[{"embeddable":true,"href":"http:\/\/doctor-pc.ro\/ro_ro\/wp-json\/wp\/v2\/users\/1"}],"replies":[{"embeddable":true,"href":"http:\/\/doctor-pc.ro\/ro_ro\/wp-json\/wp\/v2\/comments?post=4066"}],"version-history":[{"count":4,"href":"http:\/\/doctor-pc.ro\/ro_ro\/wp-json\/wp\/v2\/pages\/4066\/revisions"}],"predecessor-version":[{"id":4880,"href":"http:\/\/doctor-pc.ro\/ro_ro\/wp-json\/wp\/v2\/pages\/4066\/revisions\/4880"}],"wp:attachment":[{"href":"http:\/\/doctor-pc.ro\/ro_ro\/wp-json\/wp\/v2\/media?parent=4066"}],"curies":[{"name":"wp","href":"https:\/\/api.w.org\/{rel}","templated":true}]}}